{"id":1014,"date":"2025-06-19T15:56:34","date_gmt":"2025-06-19T12:56:34","guid":{"rendered":"https:\/\/www.index.fi\/?page_id=1014"},"modified":"2025-09-05T11:23:20","modified_gmt":"2025-09-05T08:23:20","slug":"ccms-cms","status":"publish","type":"page","link":"https:\/\/www.index.fi\/en\/tietopankki\/ccms-cms\/","title":{"rendered":"CMS- ja CCMS-ratkaisut DITA-dokumentoinnissa"},"content":{"rendered":"<div class=\"fusion-fullwidth fullwidth-box fusion-builder-row-1 fusion-flex-container no-bottom-margin nonhundred-percent-fullwidth non-hundred-percent-height-scrolling\" style=\"--awb-border-radius-top-left:0px;--awb-border-radius-top-right:0px;--awb-border-radius-bottom-right:0px;--awb-border-radius-bottom-left:0px;--awb-padding-top-medium:80px;--awb-padding-bottom-medium:80px;--awb-margin-bottom-medium:80px;--awb-margin-bottom-small:60px;--awb-background-color:var(--awb-custom_color_2);--awb-flex-wrap:wrap;\" ><div class=\"fusion-builder-row fusion-row fusion-flex-align-items-stretch fusion-flex-content-wrap\" style=\"max-width:calc( 1200px + 30px );margin-left: calc(-30px \/ 2 );margin-right: calc(-30px \/ 2 );\"><div class=\"fusion-layout-column fusion_builder_column fusion-builder-column-0 fusion_builder_column_1_1 1_1 fusion-flex-column\" style=\"--awb-padding-top:90px;--awb-padding-right:40px;--awb-padding-bottom:80px;--awb-padding-left:40px;--awb-bg-color:var(--awb-custom_color_2);--awb-bg-color-hover:var(--awb-custom_color_2);--awb-bg-size:cover;--awb-width-large:100%;--awb-margin-top-large:0px;--awb-spacing-right-large:10px;--awb-margin-bottom-large:0px;--awb-spacing-left-large:15px;--awb-width-medium:33.333333333333%;--awb-spacing-right-medium:10px;--awb-spacing-left-medium:15px;--awb-width-small:100%;--awb-spacing-right-small:15px;--awb-margin-bottom-small:30px;--awb-spacing-left-small:15px;\"><div class=\"fusion-column-wrapper fusion-column-has-shadow fusion-flex-justify-content-flex-start fusion-content-layout-column\"><i class=\"fb-icon-element-1 fb-icon-element fontawesome-icon classic-thumbs-up-regular circle-no\" style=\"--awb-iconcolor:var(--awb-color4);--awb-iconcolor-hover:var(--awb-color4);--awb-font-size:72px;--awb-align-self:center;--awb-margin-top:0px;--awb-margin-right:0px;--awb-margin-bottom:30px;--awb-margin-left:0px;\"><\/i><div class=\"fusion-title title fusion-title-1 fusion-sep-none fusion-title-text fusion-title-size-one\" style=\"--awb-text-color:#ffffff;--awb-margin-bottom:30px;\"><h1 class=\"fusion-title-heading title-heading-left\" style=\"margin:0;\"><h1 style=\"text-align: left;\"><span style=\"color: #ffffff;\"><strong>CMS- ja CCMS-ratkaisut DITA-dokumentoinnissa<\/strong><\/span><\/h1><\/h1><\/div><div class=\"fusion-text fusion-text-1 fusion-text-no-margin\" style=\"--awb-content-alignment:center;--awb-text-color:#ffffff;--awb-margin-bottom:10%;\"><p style=\"text-align: left;\"><strong>Mik\u00e4 on CMS-ohjelmisto?<\/strong><br \/>\nCMS (Content Management System) on sis\u00e4ll\u00f6nhallintaj\u00e4rjestelm\u00e4, jonka avulla k\u00e4ytt\u00e4j\u00e4t voivat j\u00e4rjest\u00e4\u00e4 ja julkaista digitaalista sis\u00e4lt\u00f6\u00e4. Kun CMS:\u00e4\u00e4 hy\u00f6dynnet\u00e4\u00e4n DITA-ymp\u00e4rist\u00f6ss\u00e4, se toimii alustana, jossa valmiit dokumentit, aineistot ja mediatiedostot pysyv\u00e4t hallitusti yhdess\u00e4 paikassa.<\/p>\n<p style=\"text-align: left;\"><strong>CCMS tuo tarkemman hallinnan<\/strong><\/p>\n<p style=\"text-align: left;\">DITA edellytt\u00e4\u00e4 usein yksityiskohtaisempaa kontrollia, jolloin apuun tulee CCMS (Component Content Management System). Perinteisen dokumenttikohtaisen hallinnan sijaan CCMS k\u00e4sittelee sis\u00e4lt\u00f6komponentteja \u2013 aiheita, k\u00e4sitteit\u00e4 ja teht\u00e4vi\u00e4. N\u00e4iden uudelleenk\u00e4ytett\u00e4vien palasten ansiosta sis\u00e4lt\u00f6\u00e4 voidaan koota nopeasti eri tuotemanuaaleihin ja lokalisoida kustannustehokkaasti.<\/p>\n<p style=\"text-align: left;\"><strong>CMS DITA-kontekstissa<\/strong><\/p>\n<p style=\"text-align: left;\">DITA laajentaa CMS-k\u00e4sitteen pelkk\u00e4\u00e4 julkaisuarkistoa pidemm\u00e4lle. J\u00e4rjestelm\u00e4st\u00e4 muodostuu alusta, joka hallitsee rakenteista dataa, metatietoja ja versiohistoriaa. <strong>Komponenttipohjainen CMS<\/strong> tukee \u00e4lykk\u00e4it\u00e4 ty\u00f6nkulkuja: se automatisoi validoinnin, hyv\u00e4ksynn\u00e4t ja monikanavajulkaisun. N\u00e4in se istuu t\u00e4ydellisesti DITA-standardin modulaariseen arkkitehtuuriin ja mahdollistaa sis\u00e4ll\u00f6n saumattoman jakelun eri kanaviin.<\/p>\n<\/div><div ><a class=\"fusion-button button-flat fusion-button-default-size button-custom fusion-button-default button-1 fusion-button-default-span fusion-button-default-type\" style=\"--button_accent_color:var(--awb-color1);--button_accent_hover_color:var(--awb-color1);--button_border_hover_color:var(--awb-color1);--button_gradient_top_color:var(--awb-custom_color_4);--button_gradient_bottom_color:var(--awb-custom_color_4);--button_gradient_top_color_hover:hsla(var(--awb-color5-h),calc(var(--awb-color5-s) - 5%),calc(var(--awb-color5-l) - 10%),var(--awb-color5-a));--button_gradient_bottom_color_hover:hsla(var(--awb-color5-h),calc(var(--awb-color5-s) - 5%),calc(var(--awb-color5-l) - 10%),var(--awb-color5-a));\" target=\"_self\" href=\"https:\/\/www.index.fi\/en\/ota-yhteytta\/\"><span class=\"fusion-button-text awb-button__text awb-button__text--default\">Contact us<\/span><\/a><\/div><\/div><\/div><\/div><\/div>","protected":false},"excerpt":{"rendered":"","protected":false},"author":1,"featured_media":0,"parent":686,"menu_order":0,"comment_status":"closed","ping_status":"closed","template":"100-width.php","meta":{"footnotes":""},"class_list":["post-1014","page","type-page","status-publish","hentry"],"yoast_head":"<!-- This site is optimized with the Yoast SEO plugin v27.5 - https:\/\/yoast.com\/product\/yoast-seo-wordpress\/ -->\n<title>CMS- ja CCMS-ratkaisut DITA-dokumentoinnissa - Index IT<\/title>\n<meta name=\"description\" content=\"Mik\u00e4 ero on CMS- ja CCMS-j\u00e4rjestelmill\u00e4 DITA-dokumentoinnissa? Lue, miten komponenttipohjainen CCMS tukee hallintaa, validointia ja monikanavajulkaisua.\" \/>\n<meta name=\"robots\" content=\"index, follow, max-snippet:-1, max-image-preview:large, max-video-preview:-1\" \/>\n<link rel=\"canonical\" href=\"https:\/\/www.index.fi\/en\/tietopankki\/ccms-cms\/\" \/>\n<meta property=\"og:locale\" content=\"en_US\" \/>\n<meta property=\"og:type\" content=\"article\" \/>\n<meta property=\"og:title\" content=\"CMS- ja CCMS-ratkaisut DITA-dokumentoinnissa - Index IT\" \/>\n<meta property=\"og:description\" content=\"Mik\u00e4 ero on CMS- ja CCMS-j\u00e4rjestelmill\u00e4 DITA-dokumentoinnissa? Lue, miten komponenttipohjainen CCMS tukee hallintaa, validointia ja monikanavajulkaisua.\" \/>\n<meta property=\"og:url\" content=\"https:\/\/www.index.fi\/en\/tietopankki\/ccms-cms\/\" \/>\n<meta property=\"og:site_name\" content=\"Index IT\" \/>\n<meta property=\"article:modified_time\" content=\"2025-09-05T08:23:20+00:00\" \/>\n<meta name=\"twitter:card\" content=\"summary_large_image\" \/>\n<meta name=\"twitter:label1\" content=\"Est. reading time\" \/>\n\t<meta name=\"twitter:data1\" content=\"1 minute\" \/>\n<script type=\"application\/ld+json\" class=\"yoast-schema-graph\">{\"@context\":\"https:\\\/\\\/schema.org\",\"@graph\":[{\"@type\":\"WebPage\",\"@id\":\"https:\\\/\\\/www.index.fi\\\/fi\\\/tietopankki\\\/ccms-cms\\\/\",\"url\":\"https:\\\/\\\/www.index.fi\\\/fi\\\/tietopankki\\\/ccms-cms\\\/\",\"name\":\"CMS- ja CCMS-ratkaisut DITA-dokumentoinnissa - Index IT\",\"isPartOf\":{\"@id\":\"https:\\\/\\\/www.index.fi\\\/#website\"},\"datePublished\":\"2025-06-19T12:56:34+00:00\",\"dateModified\":\"2025-09-05T08:23:20+00:00\",\"description\":\"Mik\u00e4 ero on CMS- ja CCMS-j\u00e4rjestelmill\u00e4 DITA-dokumentoinnissa? Lue, miten komponenttipohjainen CCMS tukee hallintaa, validointia ja monikanavajulkaisua.\",\"breadcrumb\":{\"@id\":\"https:\\\/\\\/www.index.fi\\\/fi\\\/tietopankki\\\/ccms-cms\\\/#breadcrumb\"},\"inLanguage\":\"en-US\",\"potentialAction\":[{\"@type\":\"ReadAction\",\"target\":[\"https:\\\/\\\/www.index.fi\\\/fi\\\/tietopankki\\\/ccms-cms\\\/\"]}]},{\"@type\":\"BreadcrumbList\",\"@id\":\"https:\\\/\\\/www.index.fi\\\/fi\\\/tietopankki\\\/ccms-cms\\\/#breadcrumb\",\"itemListElement\":[{\"@type\":\"ListItem\",\"position\":1,\"name\":\"Etusivu\",\"item\":\"https:\\\/\\\/www.index.fi\\\/fi\\\/\"},{\"@type\":\"ListItem\",\"position\":2,\"name\":\"Tietopankki\",\"item\":\"https:\\\/\\\/www.index.fi\\\/fi\\\/tietopankki\\\/\"},{\"@type\":\"ListItem\",\"position\":3,\"name\":\"CMS- ja CCMS-ratkaisut DITA-dokumentoinnissa\"}]},{\"@type\":\"WebSite\",\"@id\":\"https:\\\/\\\/www.index.fi\\\/#website\",\"url\":\"https:\\\/\\\/www.index.fi\\\/\",\"name\":\"Index IT\",\"description\":\"Index IT\",\"publisher\":{\"@id\":\"https:\\\/\\\/www.index.fi\\\/#organization\"},\"potentialAction\":[{\"@type\":\"SearchAction\",\"target\":{\"@type\":\"EntryPoint\",\"urlTemplate\":\"https:\\\/\\\/www.index.fi\\\/?s={search_term_string}\"},\"query-input\":{\"@type\":\"PropertyValueSpecification\",\"valueRequired\":true,\"valueName\":\"search_term_string\"}}],\"inLanguage\":\"en-US\"},{\"@type\":\"Organization\",\"@id\":\"https:\\\/\\\/www.index.fi\\\/#organization\",\"name\":\"Index IT\",\"url\":\"https:\\\/\\\/www.index.fi\\\/\",\"logo\":{\"@type\":\"ImageObject\",\"inLanguage\":\"en-US\",\"@id\":\"https:\\\/\\\/www.index.fi\\\/#\\\/schema\\\/logo\\\/image\\\/\",\"url\":\"https:\\\/\\\/www.index.fi\\\/wp-content\\\/uploads\\\/2023\\\/09\\\/Logo_digi.png\",\"contentUrl\":\"https:\\\/\\\/www.index.fi\\\/wp-content\\\/uploads\\\/2023\\\/09\\\/Logo_digi.png\",\"width\":2165,\"height\":570,\"caption\":\"Index IT\"},\"image\":{\"@id\":\"https:\\\/\\\/www.index.fi\\\/#\\\/schema\\\/logo\\\/image\\\/\"},\"sameAs\":[\"https:\\\/\\\/www.linkedin.com\\\/company\\\/index-information-technologies-oy\\\/\"]}]}<\/script>\n<!-- \/ Yoast SEO plugin. -->","yoast_head_json":{"title":"CMS- ja CCMS-ratkaisut DITA-dokumentoinnissa - Index IT","description":"Mik\u00e4 ero on CMS- ja CCMS-j\u00e4rjestelmill\u00e4 DITA-dokumentoinnissa? Lue, miten komponenttipohjainen CCMS tukee hallintaa, validointia ja monikanavajulkaisua.","robots":{"index":"index","follow":"follow","max-snippet":"max-snippet:-1","max-image-preview":"max-image-preview:large","max-video-preview":"max-video-preview:-1"},"canonical":"https:\/\/www.index.fi\/en\/tietopankki\/ccms-cms\/","og_locale":"en_US","og_type":"article","og_title":"CMS- ja CCMS-ratkaisut DITA-dokumentoinnissa - Index IT","og_description":"Mik\u00e4 ero on CMS- ja CCMS-j\u00e4rjestelmill\u00e4 DITA-dokumentoinnissa? Lue, miten komponenttipohjainen CCMS tukee hallintaa, validointia ja monikanavajulkaisua.","og_url":"https:\/\/www.index.fi\/en\/tietopankki\/ccms-cms\/","og_site_name":"Index IT","article_modified_time":"2025-09-05T08:23:20+00:00","twitter_card":"summary_large_image","twitter_misc":{"Est. reading time":"1 minute"},"schema":{"@context":"https:\/\/schema.org","@graph":[{"@type":"WebPage","@id":"https:\/\/www.index.fi\/fi\/tietopankki\/ccms-cms\/","url":"https:\/\/www.index.fi\/fi\/tietopankki\/ccms-cms\/","name":"CMS- ja CCMS-ratkaisut DITA-dokumentoinnissa - Index IT","isPartOf":{"@id":"https:\/\/www.index.fi\/#website"},"datePublished":"2025-06-19T12:56:34+00:00","dateModified":"2025-09-05T08:23:20+00:00","description":"Mik\u00e4 ero on CMS- ja CCMS-j\u00e4rjestelmill\u00e4 DITA-dokumentoinnissa? Lue, miten komponenttipohjainen CCMS tukee hallintaa, validointia ja monikanavajulkaisua.","breadcrumb":{"@id":"https:\/\/www.index.fi\/fi\/tietopankki\/ccms-cms\/#breadcrumb"},"inLanguage":"en-US","potentialAction":[{"@type":"ReadAction","target":["https:\/\/www.index.fi\/fi\/tietopankki\/ccms-cms\/"]}]},{"@type":"BreadcrumbList","@id":"https:\/\/www.index.fi\/fi\/tietopankki\/ccms-cms\/#breadcrumb","itemListElement":[{"@type":"ListItem","position":1,"name":"Etusivu","item":"https:\/\/www.index.fi\/fi\/"},{"@type":"ListItem","position":2,"name":"Tietopankki","item":"https:\/\/www.index.fi\/fi\/tietopankki\/"},{"@type":"ListItem","position":3,"name":"CMS- ja CCMS-ratkaisut DITA-dokumentoinnissa"}]},{"@type":"WebSite","@id":"https:\/\/www.index.fi\/#website","url":"https:\/\/www.index.fi\/","name":"Index IT","description":"Index IT","publisher":{"@id":"https:\/\/www.index.fi\/#organization"},"potentialAction":[{"@type":"SearchAction","target":{"@type":"EntryPoint","urlTemplate":"https:\/\/www.index.fi\/?s={search_term_string}"},"query-input":{"@type":"PropertyValueSpecification","valueRequired":true,"valueName":"search_term_string"}}],"inLanguage":"en-US"},{"@type":"Organization","@id":"https:\/\/www.index.fi\/#organization","name":"Index IT","url":"https:\/\/www.index.fi\/","logo":{"@type":"ImageObject","inLanguage":"en-US","@id":"https:\/\/www.index.fi\/#\/schema\/logo\/image\/","url":"https:\/\/www.index.fi\/wp-content\/uploads\/2023\/09\/Logo_digi.png","contentUrl":"https:\/\/www.index.fi\/wp-content\/uploads\/2023\/09\/Logo_digi.png","width":2165,"height":570,"caption":"Index IT"},"image":{"@id":"https:\/\/www.index.fi\/#\/schema\/logo\/image\/"},"sameAs":["https:\/\/www.linkedin.com\/company\/index-information-technologies-oy\/"]}]}},"_links":{"self":[{"href":"https:\/\/www.index.fi\/en\/wp-json\/wp\/v2\/pages\/1014","targetHints":{"allow":["GET"]}}],"collection":[{"href":"https:\/\/www.index.fi\/en\/wp-json\/wp\/v2\/pages"}],"about":[{"href":"https:\/\/www.index.fi\/en\/wp-json\/wp\/v2\/types\/page"}],"author":[{"embeddable":true,"href":"https:\/\/www.index.fi\/en\/wp-json\/wp\/v2\/users\/1"}],"replies":[{"embeddable":true,"href":"https:\/\/www.index.fi\/en\/wp-json\/wp\/v2\/comments?post=1014"}],"version-history":[{"count":7,"href":"https:\/\/www.index.fi\/en\/wp-json\/wp\/v2\/pages\/1014\/revisions"}],"predecessor-version":[{"id":1245,"href":"https:\/\/www.index.fi\/en\/wp-json\/wp\/v2\/pages\/1014\/revisions\/1245"}],"up":[{"embeddable":true,"href":"https:\/\/www.index.fi\/en\/wp-json\/wp\/v2\/pages\/686"}],"wp:attachment":[{"href":"https:\/\/www.index.fi\/en\/wp-json\/wp\/v2\/media?parent=1014"}],"curies":[{"name":"wp","href":"https:\/\/api.w.org\/{rel}","templated":true}]}}