{"id":1015,"date":"2025-06-23T17:12:33","date_gmt":"2025-06-23T14:12:33","guid":{"rendered":"https:\/\/www.index.fi\/?page_id=1015"},"modified":"2025-09-05T11:21:11","modified_gmt":"2025-09-05T08:21:11","slug":"word-to-dita","status":"publish","type":"page","link":"https:\/\/www.index.fi\/en\/tietopankki\/word-to-dita\/","title":{"rendered":"Word to DITA \u2013 miksi se kannattaa?"},"content":{"rendered":"<div class=\"fusion-fullwidth fullwidth-box fusion-builder-row-1 fusion-flex-container no-bottom-margin nonhundred-percent-fullwidth non-hundred-percent-height-scrolling\" style=\"--awb-border-radius-top-left:0px;--awb-border-radius-top-right:0px;--awb-border-radius-bottom-right:0px;--awb-border-radius-bottom-left:0px;--awb-padding-top-medium:80px;--awb-padding-bottom-medium:80px;--awb-margin-bottom-medium:80px;--awb-margin-bottom-small:60px;--awb-background-color:var(--awb-custom_color_2);--awb-flex-wrap:wrap;\" ><div class=\"fusion-builder-row fusion-row fusion-flex-align-items-stretch fusion-flex-content-wrap\" style=\"max-width:calc( 1200px + 30px );margin-left: calc(-30px \/ 2 );margin-right: calc(-30px \/ 2 );\"><div class=\"fusion-layout-column fusion_builder_column fusion-builder-column-0 fusion_builder_column_1_1 1_1 fusion-flex-column\" style=\"--awb-padding-top:90px;--awb-padding-right:40px;--awb-padding-bottom:80px;--awb-padding-left:40px;--awb-bg-color:var(--awb-custom_color_2);--awb-bg-color-hover:var(--awb-custom_color_2);--awb-bg-size:cover;--awb-width-large:100%;--awb-margin-top-large:0px;--awb-spacing-right-large:10px;--awb-margin-bottom-large:0px;--awb-spacing-left-large:15px;--awb-width-medium:33.333333333333%;--awb-spacing-right-medium:10px;--awb-spacing-left-medium:15px;--awb-width-small:100%;--awb-spacing-right-small:15px;--awb-margin-bottom-small:30px;--awb-spacing-left-small:15px;\"><div class=\"fusion-column-wrapper fusion-column-has-shadow fusion-flex-justify-content-flex-start fusion-content-layout-column\"><i class=\"fb-icon-element-1 fb-icon-element fontawesome-icon classic-thumbs-up-regular circle-no\" style=\"--awb-iconcolor:var(--awb-color4);--awb-iconcolor-hover:var(--awb-color4);--awb-font-size:72px;--awb-align-self:center;--awb-margin-top:0px;--awb-margin-right:0px;--awb-margin-bottom:30px;--awb-margin-left:0px;\"><\/i><div class=\"fusion-title title fusion-title-1 fusion-sep-none fusion-title-text fusion-title-size-one\" style=\"--awb-text-color:#ffffff;--awb-margin-bottom:30px;\"><h1 class=\"fusion-title-heading title-heading-left\" style=\"margin:0;\"><strong>Word to DITA \u2013 miksi se kannattaa?<\/strong><\/h1><\/div><div class=\"fusion-text fusion-text-1 fusion-text-no-margin\" style=\"--awb-content-alignment:center;--awb-text-color:#ffffff;--awb-margin-bottom:10%;\"><p style=\"text-align: left;\">Monissa organisaatioissa tekninen dokumentaatio on vuosien ajan tuotettu Microsoft Wordilla. Se on tuttu ja helppo k\u00e4ytt\u00e4\u00e4, mutta sen mukanaan tuoma vapaamuotoisuus voi pitk\u00e4ll\u00e4 aikav\u00e4lill\u00e4 vaikeuttaa sis\u00e4ll\u00f6n hallintaa, uudelleenk\u00e4ytt\u00f6\u00e4 ja p\u00e4ivityst\u00e4. T\u00e4ss\u00e4 kohtaa DITA (Darwin Information Typing Architecture) tarjoaa ratkaisun. Siirtyminen Wordista rakenteelliseen DITA-malliin voi tuoda merkitt\u00e4vi\u00e4 hy\u00f6tyj\u00e4, erityisesti suurissa tai nopeasti kasvavissa dokumentaatioymp\u00e4rist\u00f6iss\u00e4.<\/p>\n<p style=\"text-align: left;\"><strong>Miksi muuntaa Word-dokumentteja DITA-muotoon?<\/strong><\/p>\n<ol style=\"text-align: left;\">\n<li><strong> Sis\u00e4ll\u00f6n uudelleenk\u00e4ytt\u00f6 ja yll\u00e4pito<\/strong><br \/>\nWord-dokumentit sis\u00e4lt\u00e4v\u00e4t usein p\u00e4\u00e4llekk\u00e4ist\u00e4 sis\u00e4lt\u00f6\u00e4 eri tiedostoissa. DITA:n avulla sis\u00e4lt\u00f6 voidaan jakaa pieniksi, itsen\u00e4isiksi &#8221;topic&#8221;-yksik\u00f6iksi, joita voi k\u00e4ytt\u00e4\u00e4 useissa julkaisuissa ilman kopiointia. T\u00e4m\u00e4 nopeuttaa p\u00e4ivityksi\u00e4 ja v\u00e4hent\u00e4\u00e4 virheit\u00e4.<\/li>\n<li><strong> Johdonmukaisuus ja standardointi<\/strong><br \/>\nWord mahdollistaa vapaamuotoisen muotoilun, mik\u00e4 voi johtaa ep\u00e4johdonmukaisuuteen. DITA puolestaan perustuu tiukkaan rakenteeseen ja selkeisiin sis\u00e4lt\u00f6tyyppeihin (esim. ohje, kuvaus, viite), mik\u00e4 parantaa dokumentaation laatua ja luettavuutta.<\/li>\n<li><strong> Skaalautuvuus ja monikanavainen julkaisu<\/strong><br \/>\nKun sis\u00e4lt\u00f6 on kerran kirjoitettu DITA-formaatissa, se voidaan helposti julkaista eri muodoissa: HTML, PDF, mobiili tai jopa tukibotit. T\u00e4m\u00e4 onnistuu automaattisesti ilman manuaalista muotoilua jokaiselle alustalle erikseen.<\/li>\n<\/ol>\n<p style=\"text-align: left;\"><strong>Mit\u00e4 muuntaminen vaatii?<\/strong><\/p>\n<p style=\"text-align: left;\">Wordista DITAan siirtyminen ei ole pelkk\u00e4 &#8221;tallenna nimell\u00e4&#8221; -toiminto. Se vaatii:<\/p>\n<ul style=\"text-align: left;\">\n<li>Sis\u00e4ll\u00f6n j\u00e4sentely\u00e4 ja luokittelua (mik\u00e4 on ohje, mik\u00e4 taustatietoa jne.)<\/li>\n<li>Rakenne-elementtien lis\u00e4\u00e4mist\u00e4 (esim. otsikot, listat, taulukot)<\/li>\n<li>Oikeiden ty\u00f6kalujen k\u00e4ytt\u00f6\u00e4 (esim. konversio-ohjelmistoja tai manuaalista muokkausta XML-editorissa)<\/li>\n<\/ul>\n<p style=\"text-align: left;\">On suositeltavaa aloittaa pienell\u00e4 dokumenttijoukolla ja kehitt\u00e4\u00e4 muunnosprosessia iteratiivisesti.<\/p>\n<p style=\"text-align: left;\"><strong>Summary<\/strong>:<br \/>\nVaikka Wordista DITAan siirtyminen vaatii alussa ty\u00f6t\u00e4, se maksaa itsens\u00e4 takaisin tehokkuutena, laadukkaampana sis\u00e4lt\u00f6n\u00e4 ja helpompana yll\u00e4pitona. Rakenteellinen l\u00e4hestymistapa mahdollistaa skaalautuvan ja tulevaisuuden tarpeisiin valmiin dokumentaationhallinnan.<\/p>\n<\/div><\/div><\/div><\/div><\/div>","protected":false},"excerpt":{"rendered":"","protected":false},"author":1,"featured_media":0,"parent":686,"menu_order":0,"comment_status":"closed","ping_status":"closed","template":"100-width.php","meta":{"footnotes":""},"class_list":["post-1015","page","type-page","status-publish","hentry"],"yoast_head":"<!-- This site is optimized with the Yoast SEO plugin v27.5 - https:\/\/yoast.com\/product\/yoast-seo-wordpress\/ -->\n<title>Word to DITA \u2013 miksi se kannattaa? - Index IT<\/title>\n<meta name=\"description\" content=\"Miksi siirty\u00e4 Wordista DITA-malliin? Lue, miten saat laadukkaampaa dokumentointia, parempaa johdonmukaisuutta ja monikanavajulkaisun edut.\" \/>\n<meta name=\"robots\" content=\"index, follow, max-snippet:-1, max-image-preview:large, max-video-preview:-1\" \/>\n<link rel=\"canonical\" href=\"https:\/\/www.index.fi\/en\/tietopankki\/word-to-dita\/\" \/>\n<meta property=\"og:locale\" content=\"en_US\" \/>\n<meta property=\"og:type\" content=\"article\" \/>\n<meta property=\"og:title\" content=\"Word to DITA \u2013 miksi se kannattaa? - Index IT\" \/>\n<meta property=\"og:description\" content=\"Miksi siirty\u00e4 Wordista DITA-malliin? Lue, miten saat laadukkaampaa dokumentointia, parempaa johdonmukaisuutta ja monikanavajulkaisun edut.\" \/>\n<meta property=\"og:url\" content=\"https:\/\/www.index.fi\/en\/tietopankki\/word-to-dita\/\" \/>\n<meta property=\"og:site_name\" content=\"Index IT\" \/>\n<meta property=\"article:modified_time\" content=\"2025-09-05T08:21:11+00:00\" \/>\n<meta name=\"twitter:card\" content=\"summary_large_image\" \/>\n<meta name=\"twitter:label1\" content=\"Est. reading time\" \/>\n\t<meta name=\"twitter:data1\" content=\"2 minutes\" \/>\n<script type=\"application\/ld+json\" class=\"yoast-schema-graph\">{\"@context\":\"https:\\\/\\\/schema.org\",\"@graph\":[{\"@type\":\"WebPage\",\"@id\":\"https:\\\/\\\/www.index.fi\\\/fi\\\/tietopankki\\\/word-to-dita\\\/\",\"url\":\"https:\\\/\\\/www.index.fi\\\/fi\\\/tietopankki\\\/word-to-dita\\\/\",\"name\":\"Word to DITA \u2013 miksi se kannattaa? - Index IT\",\"isPartOf\":{\"@id\":\"https:\\\/\\\/www.index.fi\\\/#website\"},\"datePublished\":\"2025-06-23T14:12:33+00:00\",\"dateModified\":\"2025-09-05T08:21:11+00:00\",\"description\":\"Miksi siirty\u00e4 Wordista DITA-malliin? Lue, miten saat laadukkaampaa dokumentointia, parempaa johdonmukaisuutta ja monikanavajulkaisun edut.\",\"breadcrumb\":{\"@id\":\"https:\\\/\\\/www.index.fi\\\/fi\\\/tietopankki\\\/word-to-dita\\\/#breadcrumb\"},\"inLanguage\":\"en-US\",\"potentialAction\":[{\"@type\":\"ReadAction\",\"target\":[\"https:\\\/\\\/www.index.fi\\\/fi\\\/tietopankki\\\/word-to-dita\\\/\"]}]},{\"@type\":\"BreadcrumbList\",\"@id\":\"https:\\\/\\\/www.index.fi\\\/fi\\\/tietopankki\\\/word-to-dita\\\/#breadcrumb\",\"itemListElement\":[{\"@type\":\"ListItem\",\"position\":1,\"name\":\"Etusivu\",\"item\":\"https:\\\/\\\/www.index.fi\\\/fi\\\/\"},{\"@type\":\"ListItem\",\"position\":2,\"name\":\"Tietopankki\",\"item\":\"https:\\\/\\\/www.index.fi\\\/fi\\\/tietopankki\\\/\"},{\"@type\":\"ListItem\",\"position\":3,\"name\":\"Word to DITA \u2013 miksi se kannattaa?\"}]},{\"@type\":\"WebSite\",\"@id\":\"https:\\\/\\\/www.index.fi\\\/#website\",\"url\":\"https:\\\/\\\/www.index.fi\\\/\",\"name\":\"Index IT\",\"description\":\"Index IT\",\"publisher\":{\"@id\":\"https:\\\/\\\/www.index.fi\\\/#organization\"},\"potentialAction\":[{\"@type\":\"SearchAction\",\"target\":{\"@type\":\"EntryPoint\",\"urlTemplate\":\"https:\\\/\\\/www.index.fi\\\/?s={search_term_string}\"},\"query-input\":{\"@type\":\"PropertyValueSpecification\",\"valueRequired\":true,\"valueName\":\"search_term_string\"}}],\"inLanguage\":\"en-US\"},{\"@type\":\"Organization\",\"@id\":\"https:\\\/\\\/www.index.fi\\\/#organization\",\"name\":\"Index IT\",\"url\":\"https:\\\/\\\/www.index.fi\\\/\",\"logo\":{\"@type\":\"ImageObject\",\"inLanguage\":\"en-US\",\"@id\":\"https:\\\/\\\/www.index.fi\\\/#\\\/schema\\\/logo\\\/image\\\/\",\"url\":\"https:\\\/\\\/www.index.fi\\\/wp-content\\\/uploads\\\/2023\\\/09\\\/Logo_digi.png\",\"contentUrl\":\"https:\\\/\\\/www.index.fi\\\/wp-content\\\/uploads\\\/2023\\\/09\\\/Logo_digi.png\",\"width\":2165,\"height\":570,\"caption\":\"Index IT\"},\"image\":{\"@id\":\"https:\\\/\\\/www.index.fi\\\/#\\\/schema\\\/logo\\\/image\\\/\"},\"sameAs\":[\"https:\\\/\\\/www.linkedin.com\\\/company\\\/index-information-technologies-oy\\\/\"]}]}<\/script>\n<!-- \/ Yoast SEO plugin. -->","yoast_head_json":{"title":"Word to DITA \u2013 miksi se kannattaa? - Index IT","description":"Miksi siirty\u00e4 Wordista DITA-malliin? Lue, miten saat laadukkaampaa dokumentointia, parempaa johdonmukaisuutta ja monikanavajulkaisun edut.","robots":{"index":"index","follow":"follow","max-snippet":"max-snippet:-1","max-image-preview":"max-image-preview:large","max-video-preview":"max-video-preview:-1"},"canonical":"https:\/\/www.index.fi\/en\/tietopankki\/word-to-dita\/","og_locale":"en_US","og_type":"article","og_title":"Word to DITA \u2013 miksi se kannattaa? - Index IT","og_description":"Miksi siirty\u00e4 Wordista DITA-malliin? Lue, miten saat laadukkaampaa dokumentointia, parempaa johdonmukaisuutta ja monikanavajulkaisun edut.","og_url":"https:\/\/www.index.fi\/en\/tietopankki\/word-to-dita\/","og_site_name":"Index IT","article_modified_time":"2025-09-05T08:21:11+00:00","twitter_card":"summary_large_image","twitter_misc":{"Est. reading time":"2 minutes"},"schema":{"@context":"https:\/\/schema.org","@graph":[{"@type":"WebPage","@id":"https:\/\/www.index.fi\/fi\/tietopankki\/word-to-dita\/","url":"https:\/\/www.index.fi\/fi\/tietopankki\/word-to-dita\/","name":"Word to DITA \u2013 miksi se kannattaa? - Index IT","isPartOf":{"@id":"https:\/\/www.index.fi\/#website"},"datePublished":"2025-06-23T14:12:33+00:00","dateModified":"2025-09-05T08:21:11+00:00","description":"Miksi siirty\u00e4 Wordista DITA-malliin? Lue, miten saat laadukkaampaa dokumentointia, parempaa johdonmukaisuutta ja monikanavajulkaisun edut.","breadcrumb":{"@id":"https:\/\/www.index.fi\/fi\/tietopankki\/word-to-dita\/#breadcrumb"},"inLanguage":"en-US","potentialAction":[{"@type":"ReadAction","target":["https:\/\/www.index.fi\/fi\/tietopankki\/word-to-dita\/"]}]},{"@type":"BreadcrumbList","@id":"https:\/\/www.index.fi\/fi\/tietopankki\/word-to-dita\/#breadcrumb","itemListElement":[{"@type":"ListItem","position":1,"name":"Etusivu","item":"https:\/\/www.index.fi\/fi\/"},{"@type":"ListItem","position":2,"name":"Tietopankki","item":"https:\/\/www.index.fi\/fi\/tietopankki\/"},{"@type":"ListItem","position":3,"name":"Word to DITA \u2013 miksi se kannattaa?"}]},{"@type":"WebSite","@id":"https:\/\/www.index.fi\/#website","url":"https:\/\/www.index.fi\/","name":"Index IT","description":"Index IT","publisher":{"@id":"https:\/\/www.index.fi\/#organization"},"potentialAction":[{"@type":"SearchAction","target":{"@type":"EntryPoint","urlTemplate":"https:\/\/www.index.fi\/?s={search_term_string}"},"query-input":{"@type":"PropertyValueSpecification","valueRequired":true,"valueName":"search_term_string"}}],"inLanguage":"en-US"},{"@type":"Organization","@id":"https:\/\/www.index.fi\/#organization","name":"Index IT","url":"https:\/\/www.index.fi\/","logo":{"@type":"ImageObject","inLanguage":"en-US","@id":"https:\/\/www.index.fi\/#\/schema\/logo\/image\/","url":"https:\/\/www.index.fi\/wp-content\/uploads\/2023\/09\/Logo_digi.png","contentUrl":"https:\/\/www.index.fi\/wp-content\/uploads\/2023\/09\/Logo_digi.png","width":2165,"height":570,"caption":"Index IT"},"image":{"@id":"https:\/\/www.index.fi\/#\/schema\/logo\/image\/"},"sameAs":["https:\/\/www.linkedin.com\/company\/index-information-technologies-oy\/"]}]}},"_links":{"self":[{"href":"https:\/\/www.index.fi\/en\/wp-json\/wp\/v2\/pages\/1015","targetHints":{"allow":["GET"]}}],"collection":[{"href":"https:\/\/www.index.fi\/en\/wp-json\/wp\/v2\/pages"}],"about":[{"href":"https:\/\/www.index.fi\/en\/wp-json\/wp\/v2\/types\/page"}],"author":[{"embeddable":true,"href":"https:\/\/www.index.fi\/en\/wp-json\/wp\/v2\/users\/1"}],"replies":[{"embeddable":true,"href":"https:\/\/www.index.fi\/en\/wp-json\/wp\/v2\/comments?post=1015"}],"version-history":[{"count":4,"href":"https:\/\/www.index.fi\/en\/wp-json\/wp\/v2\/pages\/1015\/revisions"}],"predecessor-version":[{"id":1244,"href":"https:\/\/www.index.fi\/en\/wp-json\/wp\/v2\/pages\/1015\/revisions\/1244"}],"up":[{"embeddable":true,"href":"https:\/\/www.index.fi\/en\/wp-json\/wp\/v2\/pages\/686"}],"wp:attachment":[{"href":"https:\/\/www.index.fi\/en\/wp-json\/wp\/v2\/media?parent=1015"}],"curies":[{"name":"wp","href":"https:\/\/api.w.org\/{rel}","templated":true}]}}