{"id":1016,"date":"2025-06-23T17:22:01","date_gmt":"2025-06-23T14:22:01","guid":{"rendered":"https:\/\/www.index.fi\/?page_id=1016"},"modified":"2025-09-05T11:20:06","modified_gmt":"2025-09-05T08:20:06","slug":"indox-ccms-virtaviivaistaa-teknisen-dokumentoinnin","status":"publish","type":"page","link":"https:\/\/www.index.fi\/en\/tietopankki\/indox-ccms-virtaviivaistaa-teknisen-dokumentoinnin\/","title":{"rendered":"Indox CCMS streamlines technical documentation"},"content":{"rendered":"<div class=\"fusion-fullwidth fullwidth-box fusion-builder-row-1 fusion-flex-container no-bottom-margin nonhundred-percent-fullwidth non-hundred-percent-height-scrolling\" style=\"--awb-border-radius-top-left:0px;--awb-border-radius-top-right:0px;--awb-border-radius-bottom-right:0px;--awb-border-radius-bottom-left:0px;--awb-padding-top-medium:80px;--awb-padding-bottom-medium:80px;--awb-margin-bottom-medium:80px;--awb-margin-bottom-small:60px;--awb-background-color:var(--awb-custom_color_2);--awb-flex-wrap:wrap;\" ><div class=\"fusion-builder-row fusion-row fusion-flex-align-items-stretch fusion-flex-content-wrap\" style=\"max-width:calc( 1200px + 30px );margin-left: calc(-30px \/ 2 );margin-right: calc(-30px \/ 2 );\"><div class=\"fusion-layout-column fusion_builder_column fusion-builder-column-0 fusion_builder_column_1_1 1_1 fusion-flex-column\" style=\"--awb-padding-top:90px;--awb-padding-right:40px;--awb-padding-bottom:80px;--awb-padding-left:40px;--awb-bg-color:var(--awb-custom_color_2);--awb-bg-color-hover:var(--awb-custom_color_2);--awb-bg-size:cover;--awb-width-large:100%;--awb-margin-top-large:0px;--awb-spacing-right-large:10px;--awb-margin-bottom-large:0px;--awb-spacing-left-large:15px;--awb-width-medium:33.333333333333%;--awb-spacing-right-medium:10px;--awb-spacing-left-medium:15px;--awb-width-small:100%;--awb-spacing-right-small:15px;--awb-margin-bottom-small:30px;--awb-spacing-left-small:15px;\"><div class=\"fusion-column-wrapper fusion-column-has-shadow fusion-flex-justify-content-flex-start fusion-content-layout-column\"><i class=\"fb-icon-element-1 fb-icon-element fontawesome-icon classic-thumbs-up-regular circle-no\" style=\"--awb-iconcolor:var(--awb-color4);--awb-iconcolor-hover:var(--awb-color4);--awb-font-size:72px;--awb-align-self:center;--awb-margin-top:0px;--awb-margin-right:0px;--awb-margin-bottom:30px;--awb-margin-left:0px;\"><\/i><div class=\"fusion-title title fusion-title-1 fusion-sep-none fusion-title-text fusion-title-size-one\" style=\"--awb-text-color:#ffffff;--awb-margin-bottom:30px;\"><h1 class=\"fusion-title-heading title-heading-left\" style=\"margin:0;\"><strong>Indox CCMS streamlines technical documentation<\/strong><\/h1><\/div><div class=\"fusion-text fusion-text-1 fusion-text-no-margin\" style=\"--awb-content-alignment:center;--awb-text-color:#ffffff;--awb-margin-bottom:10%;\"><p style=\"text-align: left;\">Indox CCMS on enemm\u00e4n kuin pelkk\u00e4 arkisto \u2014 se on t\u00e4ysiverinen teknisen kirjoittamisen ty\u00f6kalu, joka on suunniteltu tiimeille, jotka laativat monimutkaisia teknisi\u00e4 dokumentteja useille tuotteille ja kielille. DITA-standardiin perustuva alusta kokoaa hajallaan olevat Word-tiedostot ja wikit yhdeksi selke\u00e4ksi totuuden l\u00e4hteeksi, jolloin kirjoittajat voivat keskitty\u00e4 asiakasarvon tuottamiseen sis\u00e4ll\u00f6n mets\u00e4st\u00e4misen sijaan.<\/p>\n<p style=\"text-align: left;\"><strong>Yhten\u00e4inen ty\u00f6tila jokaiselle kirjoittajalle<\/strong><\/p>\n<p style=\"text-align: left;\">Indox CCMS yhdist\u00e4\u00e4 visuaalisen kirjoitusn\u00e4kym\u00e4n, uudelleenk\u00e4ytett\u00e4v\u00e4t topic-kirjastot ja Git-tyylisen versionhallinnan yhteen selainpohjaiseen k\u00e4ytt\u00f6liittym\u00e4\u00e4n. Olipa ty\u00f6n alla uusi asennusopas tai huolto-ohje, alusta pit\u00e4\u00e4 kirjoittajat, tarkistajat ja k\u00e4\u00e4nt\u00e4j\u00e4t saumattomasti synkassa. Sis\u00e4\u00e4nrakennettu validointi varmistaa, ett\u00e4 jokainen topic t\u00e4ytt\u00e4\u00e4 tyyli\u00ads\u00e4\u00e4nn\u00f6t ja linkit toimivat ennen julkaisua.<\/p>\n<p style=\"text-align: left;\"><strong>Monikanavajulkaisu ilman kopio-liima-rumbaa<\/strong><\/p>\n<p style=\"text-align: left;\">Yhdell\u00e4 klikkauksella Indox kuljettaa sis\u00e4ll\u00f6n Oxygen XML Editorin, DITA-OT:n ja Antenna House -putkien l\u00e4pi ja tuottaa automaattisesti PDF-manuaalit, HTML5-tietopankit ja WebHelp-paketit. Lopputulos: yhten\u00e4inen br\u00e4ndi-ilme, nopeammat julkaisu\u00adsyklit ja virheett\u00f6m\u00e4t p\u00e4ivitykset \u2014 ammattimaisen teknisen kirjoittamisen tunnusmerkit.<\/p>\n<p style=\"text-align: left;\"><strong>Valmiina kasvuun ja integraatioihin<\/strong><\/p>\n<p style=\"text-align: left;\">Indox kytkeytyy suosittuihin k\u00e4\u00e4nn\u00f6smuisteihin, l\u00e4hde\u00adkoodivarastoihin ja yritys-DMS-ratkaisuihin, kuten OpenText Content Serveriin. Kun dokumenttikanta kasvaa, tehokas haku, metatieto\u00adsuodattimet ja analytiikka auttavat tunnistamaan vanhentuneet sis\u00e4ll\u00f6t ja optimoimaan artikkelien suorituskyky\u00e4.<\/p>\n<p style=\"text-align: left;\">Tehosta dokumentointisi tuottoa jo t\u00e4n\u00e4\u00e4n. Ota yhteytt\u00e4 Index IT:hen ja tutustu, miten moderni teknisen kirjoittamisen ohjelmisto voi mullistaa teknisen sis\u00e4ll\u00f6n suunnittelun, tuotannon ja jakelun.<\/p>\n<\/div><\/div><\/div><\/div><\/div>","protected":false},"excerpt":{"rendered":"","protected":false},"author":1,"featured_media":0,"parent":686,"menu_order":0,"comment_status":"closed","ping_status":"closed","template":"100-width.php","meta":{"footnotes":""},"class_list":["post-1016","page","type-page","status-publish","hentry"],"yoast_head":"<!-- This site is optimized with the Yoast SEO plugin v27.5 - https:\/\/yoast.com\/product\/yoast-seo-wordpress\/ -->\n<title>Indox CCMS virtaviivaistaa teknisen dokumentoinnin - Index IT<\/title>\n<meta name=\"description\" content=\"Indox CCMS virtaviivaistaa teknisen dokumentoinnin. Yhden alustan kautta hallitset DITA-standardiin perustuvat dokumentit, julkaisut ja integraatiot tehokkaasti.\" \/>\n<meta name=\"robots\" content=\"index, follow, max-snippet:-1, max-image-preview:large, max-video-preview:-1\" \/>\n<link rel=\"canonical\" href=\"https:\/\/www.index.fi\/en\/tietopankki\/indox-ccms-virtaviivaistaa-teknisen-dokumentoinnin\/\" \/>\n<meta property=\"og:locale\" content=\"en_US\" \/>\n<meta property=\"og:type\" content=\"article\" \/>\n<meta property=\"og:title\" content=\"Indox CCMS virtaviivaistaa teknisen dokumentoinnin - Index IT\" \/>\n<meta property=\"og:description\" content=\"Indox CCMS virtaviivaistaa teknisen dokumentoinnin. Yhden alustan kautta hallitset DITA-standardiin perustuvat dokumentit, julkaisut ja integraatiot tehokkaasti.\" \/>\n<meta property=\"og:url\" content=\"https:\/\/www.index.fi\/en\/tietopankki\/indox-ccms-virtaviivaistaa-teknisen-dokumentoinnin\/\" \/>\n<meta property=\"og:site_name\" content=\"Index IT\" \/>\n<meta property=\"article:modified_time\" content=\"2025-09-05T08:20:06+00:00\" \/>\n<meta name=\"twitter:card\" content=\"summary_large_image\" \/>\n<meta name=\"twitter:label1\" content=\"Est. reading time\" \/>\n\t<meta name=\"twitter:data1\" content=\"2 minutes\" \/>\n<script type=\"application\/ld+json\" class=\"yoast-schema-graph\">{\"@context\":\"https:\\\/\\\/schema.org\",\"@graph\":[{\"@type\":\"WebPage\",\"@id\":\"https:\\\/\\\/www.index.fi\\\/fi\\\/tietopankki\\\/indox-ccms-virtaviivaistaa-teknisen-dokumentoinnin\\\/\",\"url\":\"https:\\\/\\\/www.index.fi\\\/fi\\\/tietopankki\\\/indox-ccms-virtaviivaistaa-teknisen-dokumentoinnin\\\/\",\"name\":\"Indox CCMS virtaviivaistaa teknisen dokumentoinnin - Index IT\",\"isPartOf\":{\"@id\":\"https:\\\/\\\/www.index.fi\\\/#website\"},\"datePublished\":\"2025-06-23T14:22:01+00:00\",\"dateModified\":\"2025-09-05T08:20:06+00:00\",\"description\":\"Indox CCMS virtaviivaistaa teknisen dokumentoinnin. Yhden alustan kautta hallitset DITA-standardiin perustuvat dokumentit, julkaisut ja integraatiot tehokkaasti.\",\"breadcrumb\":{\"@id\":\"https:\\\/\\\/www.index.fi\\\/fi\\\/tietopankki\\\/indox-ccms-virtaviivaistaa-teknisen-dokumentoinnin\\\/#breadcrumb\"},\"inLanguage\":\"en-US\",\"potentialAction\":[{\"@type\":\"ReadAction\",\"target\":[\"https:\\\/\\\/www.index.fi\\\/fi\\\/tietopankki\\\/indox-ccms-virtaviivaistaa-teknisen-dokumentoinnin\\\/\"]}]},{\"@type\":\"BreadcrumbList\",\"@id\":\"https:\\\/\\\/www.index.fi\\\/fi\\\/tietopankki\\\/indox-ccms-virtaviivaistaa-teknisen-dokumentoinnin\\\/#breadcrumb\",\"itemListElement\":[{\"@type\":\"ListItem\",\"position\":1,\"name\":\"Etusivu\",\"item\":\"https:\\\/\\\/www.index.fi\\\/fi\\\/\"},{\"@type\":\"ListItem\",\"position\":2,\"name\":\"Tietopankki\",\"item\":\"https:\\\/\\\/www.index.fi\\\/fi\\\/tietopankki\\\/\"},{\"@type\":\"ListItem\",\"position\":3,\"name\":\"Indox CCMS virtaviivaistaa teknisen dokumentoinnin\"}]},{\"@type\":\"WebSite\",\"@id\":\"https:\\\/\\\/www.index.fi\\\/#website\",\"url\":\"https:\\\/\\\/www.index.fi\\\/\",\"name\":\"Index IT\",\"description\":\"Index IT\",\"publisher\":{\"@id\":\"https:\\\/\\\/www.index.fi\\\/#organization\"},\"potentialAction\":[{\"@type\":\"SearchAction\",\"target\":{\"@type\":\"EntryPoint\",\"urlTemplate\":\"https:\\\/\\\/www.index.fi\\\/?s={search_term_string}\"},\"query-input\":{\"@type\":\"PropertyValueSpecification\",\"valueRequired\":true,\"valueName\":\"search_term_string\"}}],\"inLanguage\":\"en-US\"},{\"@type\":\"Organization\",\"@id\":\"https:\\\/\\\/www.index.fi\\\/#organization\",\"name\":\"Index IT\",\"url\":\"https:\\\/\\\/www.index.fi\\\/\",\"logo\":{\"@type\":\"ImageObject\",\"inLanguage\":\"en-US\",\"@id\":\"https:\\\/\\\/www.index.fi\\\/#\\\/schema\\\/logo\\\/image\\\/\",\"url\":\"https:\\\/\\\/www.index.fi\\\/wp-content\\\/uploads\\\/2023\\\/09\\\/Logo_digi.png\",\"contentUrl\":\"https:\\\/\\\/www.index.fi\\\/wp-content\\\/uploads\\\/2023\\\/09\\\/Logo_digi.png\",\"width\":2165,\"height\":570,\"caption\":\"Index IT\"},\"image\":{\"@id\":\"https:\\\/\\\/www.index.fi\\\/#\\\/schema\\\/logo\\\/image\\\/\"},\"sameAs\":[\"https:\\\/\\\/www.linkedin.com\\\/company\\\/index-information-technologies-oy\\\/\"]}]}<\/script>\n<!-- \/ Yoast SEO plugin. -->","yoast_head_json":{"title":"Indox CCMS virtaviivaistaa teknisen dokumentoinnin - Index IT","description":"Indox CCMS virtaviivaistaa teknisen dokumentoinnin. Yhden alustan kautta hallitset DITA-standardiin perustuvat dokumentit, julkaisut ja integraatiot tehokkaasti.","robots":{"index":"index","follow":"follow","max-snippet":"max-snippet:-1","max-image-preview":"max-image-preview:large","max-video-preview":"max-video-preview:-1"},"canonical":"https:\/\/www.index.fi\/en\/tietopankki\/indox-ccms-virtaviivaistaa-teknisen-dokumentoinnin\/","og_locale":"en_US","og_type":"article","og_title":"Indox CCMS virtaviivaistaa teknisen dokumentoinnin - Index IT","og_description":"Indox CCMS virtaviivaistaa teknisen dokumentoinnin. Yhden alustan kautta hallitset DITA-standardiin perustuvat dokumentit, julkaisut ja integraatiot tehokkaasti.","og_url":"https:\/\/www.index.fi\/en\/tietopankki\/indox-ccms-virtaviivaistaa-teknisen-dokumentoinnin\/","og_site_name":"Index IT","article_modified_time":"2025-09-05T08:20:06+00:00","twitter_card":"summary_large_image","twitter_misc":{"Est. reading time":"2 minutes"},"schema":{"@context":"https:\/\/schema.org","@graph":[{"@type":"WebPage","@id":"https:\/\/www.index.fi\/fi\/tietopankki\/indox-ccms-virtaviivaistaa-teknisen-dokumentoinnin\/","url":"https:\/\/www.index.fi\/fi\/tietopankki\/indox-ccms-virtaviivaistaa-teknisen-dokumentoinnin\/","name":"Indox CCMS virtaviivaistaa teknisen dokumentoinnin - Index IT","isPartOf":{"@id":"https:\/\/www.index.fi\/#website"},"datePublished":"2025-06-23T14:22:01+00:00","dateModified":"2025-09-05T08:20:06+00:00","description":"Indox CCMS virtaviivaistaa teknisen dokumentoinnin. Yhden alustan kautta hallitset DITA-standardiin perustuvat dokumentit, julkaisut ja integraatiot tehokkaasti.","breadcrumb":{"@id":"https:\/\/www.index.fi\/fi\/tietopankki\/indox-ccms-virtaviivaistaa-teknisen-dokumentoinnin\/#breadcrumb"},"inLanguage":"en-US","potentialAction":[{"@type":"ReadAction","target":["https:\/\/www.index.fi\/fi\/tietopankki\/indox-ccms-virtaviivaistaa-teknisen-dokumentoinnin\/"]}]},{"@type":"BreadcrumbList","@id":"https:\/\/www.index.fi\/fi\/tietopankki\/indox-ccms-virtaviivaistaa-teknisen-dokumentoinnin\/#breadcrumb","itemListElement":[{"@type":"ListItem","position":1,"name":"Etusivu","item":"https:\/\/www.index.fi\/fi\/"},{"@type":"ListItem","position":2,"name":"Tietopankki","item":"https:\/\/www.index.fi\/fi\/tietopankki\/"},{"@type":"ListItem","position":3,"name":"Indox CCMS virtaviivaistaa teknisen dokumentoinnin"}]},{"@type":"WebSite","@id":"https:\/\/www.index.fi\/#website","url":"https:\/\/www.index.fi\/","name":"Index IT","description":"Index IT","publisher":{"@id":"https:\/\/www.index.fi\/#organization"},"potentialAction":[{"@type":"SearchAction","target":{"@type":"EntryPoint","urlTemplate":"https:\/\/www.index.fi\/?s={search_term_string}"},"query-input":{"@type":"PropertyValueSpecification","valueRequired":true,"valueName":"search_term_string"}}],"inLanguage":"en-US"},{"@type":"Organization","@id":"https:\/\/www.index.fi\/#organization","name":"Index IT","url":"https:\/\/www.index.fi\/","logo":{"@type":"ImageObject","inLanguage":"en-US","@id":"https:\/\/www.index.fi\/#\/schema\/logo\/image\/","url":"https:\/\/www.index.fi\/wp-content\/uploads\/2023\/09\/Logo_digi.png","contentUrl":"https:\/\/www.index.fi\/wp-content\/uploads\/2023\/09\/Logo_digi.png","width":2165,"height":570,"caption":"Index IT"},"image":{"@id":"https:\/\/www.index.fi\/#\/schema\/logo\/image\/"},"sameAs":["https:\/\/www.linkedin.com\/company\/index-information-technologies-oy\/"]}]}},"_links":{"self":[{"href":"https:\/\/www.index.fi\/en\/wp-json\/wp\/v2\/pages\/1016","targetHints":{"allow":["GET"]}}],"collection":[{"href":"https:\/\/www.index.fi\/en\/wp-json\/wp\/v2\/pages"}],"about":[{"href":"https:\/\/www.index.fi\/en\/wp-json\/wp\/v2\/types\/page"}],"author":[{"embeddable":true,"href":"https:\/\/www.index.fi\/en\/wp-json\/wp\/v2\/users\/1"}],"replies":[{"embeddable":true,"href":"https:\/\/www.index.fi\/en\/wp-json\/wp\/v2\/comments?post=1016"}],"version-history":[{"count":8,"href":"https:\/\/www.index.fi\/en\/wp-json\/wp\/v2\/pages\/1016\/revisions"}],"predecessor-version":[{"id":1243,"href":"https:\/\/www.index.fi\/en\/wp-json\/wp\/v2\/pages\/1016\/revisions\/1243"}],"up":[{"embeddable":true,"href":"https:\/\/www.index.fi\/en\/wp-json\/wp\/v2\/pages\/686"}],"wp:attachment":[{"href":"https:\/\/www.index.fi\/en\/wp-json\/wp\/v2\/media?parent=1016"}],"curies":[{"name":"wp","href":"https:\/\/api.w.org\/{rel}","templated":true}]}}