{"id":246,"date":"2023-09-12T09:28:41","date_gmt":"2023-09-12T06:28:41","guid":{"rendered":"http:\/\/20.234.35.20\/?page_id=246"},"modified":"2025-08-12T11:01:13","modified_gmt":"2025-08-12T08:01:13","slug":"it-konsultointi","status":"publish","type":"page","link":"https:\/\/www.index.fi\/en\/palvelumme\/it-konsultointi\/","title":{"rendered":"IT Consulting"},"content":{"rendered":"<div class=\"fusion-fullwidth fullwidth-box fusion-builder-row-1 fusion-flex-container no-bottom-margin nonhundred-percent-fullwidth non-hundred-percent-height-scrolling\" style=\"--awb-border-radius-top-left:0px;--awb-border-radius-top-right:0px;--awb-border-radius-bottom-right:0px;--awb-border-radius-bottom-left:0px;--awb-padding-top:90px;--awb-padding-bottom:90px;--awb-padding-top-medium:80px;--awb-padding-bottom-medium:80px;--awb-margin-bottom-medium:80px;--awb-margin-bottom-small:60px;--awb-background-color:var(--awb-custom_color_2);--awb-flex-wrap:wrap;\" ><div class=\"fusion-builder-row fusion-row fusion-flex-align-items-stretch fusion-flex-content-wrap\" style=\"max-width:calc( 1200px + 30px );margin-left: calc(-30px \/ 2 );margin-right: calc(-30px \/ 2 );\"><div class=\"fusion-layout-column fusion_builder_column fusion-builder-column-0 fusion_builder_column_1_2 1_2 fusion-flex-column\" style=\"--awb-padding-right:40px;--awb-padding-left:40px;--awb-bg-color:var(--awb-custom_color_2);--awb-bg-color-hover:var(--awb-custom_color_2);--awb-bg-size:cover;--awb-width-large:50%;--awb-margin-top-large:0px;--awb-spacing-right-large:10px;--awb-margin-bottom-large:20px;--awb-spacing-left-large:15px;--awb-width-medium:33.333333333333%;--awb-spacing-right-medium:10px;--awb-spacing-left-medium:15px;--awb-width-small:100%;--awb-spacing-right-small:15px;--awb-margin-bottom-small:30px;--awb-spacing-left-small:15px;\"><div class=\"fusion-column-wrapper fusion-column-has-shadow fusion-flex-justify-content-flex-start fusion-content-layout-column\"><i class=\"fb-icon-element-1 fb-icon-element fontawesome-icon classic-thumbs-up-regular circle-no\" style=\"--awb-iconcolor:var(--awb-color4);--awb-iconcolor-hover:var(--awb-color4);--awb-font-size:72px;--awb-align-self:center;--awb-margin-top:0px;--awb-margin-right:0px;--awb-margin-bottom:30px;--awb-margin-left:0px;\"><\/i><div class=\"fusion-title title fusion-title-1 fusion-sep-none fusion-title-text fusion-title-size-one\" style=\"--awb-text-color:#ffffff;--awb-margin-bottom:30px;\"><h1 class=\"fusion-title-heading title-heading-left\" style=\"margin:0;\">IT Consulting<\/h1><\/div><div class=\"fusion-text fusion-text-1 fusion-text-no-margin\" style=\"--awb-content-alignment:center;--awb-text-color:#ffffff;--awb-margin-bottom:30px;\"><p style=\"text-align: left;\">Index IT offers its expertise in researching IT problems and solutions in organizations. We help you choose appropriate technologies that guarantee reliable and cost-effective systems. We have worked with companies, associations and public organizations successfully for decades. Our way of working is open, transparent and uncomplicated.<\/p>\n<p style=\"text-align: left;\">At the core of our company's expertise are versatile content management and structured documentation solutions, which we have implemented for 30 years. Our specialties are content management and structured documentation, as well as the technologies DITA, XML and XSL-FO.<\/p>\n<p style=\"text-align: left;\">Our IT consulting services include:<\/p>\n<ul>\n<li style=\"text-align: left;\">Technical expert support for development and maintenance projects<\/li>\n<li style=\"text-align: left;\">Planning of content management processes and publishing workflows<\/li>\n<li style=\"text-align: left;\">System architecture design and technical integrations<\/li>\n<li style=\"text-align: left;\">Assistance in technology selection and implementation<\/li>\n<li style=\"text-align: left;\">Definition of support models and Service Level Agreements (SLAs)<\/li>\n<\/ul>\n<p style=\"text-align: left;\">We work as a partner in both individual projects and long-term system development. Our goal is to deliver practical and sustainable solutions that allow our clients to focus confidently on their core business.<\/p>\n<\/div><div ><a class=\"fusion-button button-flat fusion-button-default-size button-custom fusion-button-default button-1 fusion-button-default-span fusion-button-default-type\" style=\"--button_accent_color:var(--awb-color1);--button_accent_hover_color:var(--awb-color1);--button_border_hover_color:var(--awb-color1);--button_gradient_top_color:var(--awb-custom_color_4);--button_gradient_bottom_color:var(--awb-custom_color_4);--button_gradient_top_color_hover:hsla(var(--awb-color5-h),calc(var(--awb-color5-s) - 5%),calc(var(--awb-color5-l) - 10%),var(--awb-color5-a));--button_gradient_bottom_color_hover:hsla(var(--awb-color5-h),calc(var(--awb-color5-s) - 5%),calc(var(--awb-color5-l) - 10%),var(--awb-color5-a));\" target=\"_self\" href=\"https:\/\/www.index.fi\/en\/ota-yhteytta\/\"><span class=\"fusion-button-text awb-button__text awb-button__text--default\">Request an offer<\/span><\/a><\/div><\/div><\/div><div class=\"fusion-layout-column fusion_builder_column fusion-builder-column-1 fusion_builder_column_1_2 1_2 fusion-flex-column fusion-no-small-visibility\" style=\"--awb-padding-right:40px;--awb-padding-left:40px;--awb-bg-color:#6a8b7e;--awb-bg-color-hover:#6a8b7e;--awb-bg-size:cover;--awb-width-large:50%;--awb-margin-top-large:0px;--awb-spacing-right-large:15px;--awb-margin-bottom-large:20px;--awb-spacing-left-large:15px;--awb-width-medium:33.333333333333%;--awb-spacing-right-medium:15px;--awb-spacing-left-medium:15px;--awb-width-small:100%;--awb-spacing-right-small:15px;--awb-spacing-left-small:15px;\"><div class=\"fusion-column-wrapper fusion-column-has-shadow fusion-flex-justify-content-flex-start fusion-content-layout-column\"><i class=\"fb-icon-element-2 fb-icon-element fontawesome-icon classic-eye-regular circle-no\" style=\"--awb-iconcolor:var(--awb-color4);--awb-iconcolor-hover:var(--awb-color4);--awb-font-size:72px;--awb-align-self:center;--awb-margin-top:0px;--awb-margin-right:0px;--awb-margin-bottom:30px;--awb-margin-left:0px;\"><\/i><div class=\"fusion-image-element fusion-no-small-visibility\" style=\"--awb-margin-top:90px;--awb-caption-title-font-family:var(--h2_typography-font-family);--awb-caption-title-font-weight:var(--h2_typography-font-weight);--awb-caption-title-font-style:var(--h2_typography-font-style);--awb-caption-title-size:var(--h2_typography-font-size);--awb-caption-title-transform:var(--h2_typography-text-transform);--awb-caption-title-line-height:var(--h2_typography-line-height);--awb-caption-title-letter-spacing:var(--h2_typography-letter-spacing);\"><span class=\"fusion-imageframe imageframe-none imageframe-1 hover-type-none\" style=\"border-radius:10px;\"><img decoding=\"async\" width=\"1776\" height=\"861\" title=\"Kuvitus2\" src=\"https:\/\/www.index.fi\/wp-content\/uploads\/2023\/11\/Kuvitus2.png\" alt class=\"img-responsive wp-image-223\" srcset=\"https:\/\/www.index.fi\/wp-content\/uploads\/2023\/11\/Kuvitus2-18x9.png 18w, https:\/\/www.index.fi\/wp-content\/uploads\/2023\/11\/Kuvitus2-200x96.png 200w, https:\/\/www.index.fi\/wp-content\/uploads\/2023\/11\/Kuvitus2-300x143.png 300w, https:\/\/www.index.fi\/wp-content\/uploads\/2023\/11\/Kuvitus2-400x191.png 400w, https:\/\/www.index.fi\/wp-content\/uploads\/2023\/11\/Kuvitus2-600x287.png 600w, https:\/\/www.index.fi\/wp-content\/uploads\/2023\/11\/Kuvitus2-768x367.png 768w, https:\/\/www.index.fi\/wp-content\/uploads\/2023\/11\/Kuvitus2-800x382.png 800w, https:\/\/www.index.fi\/wp-content\/uploads\/2023\/11\/Kuvitus2-1024x490.png 1024w, https:\/\/www.index.fi\/wp-content\/uploads\/2023\/11\/Kuvitus2-1200x574.png 1200w, https:\/\/www.index.fi\/wp-content\/uploads\/2023\/11\/Kuvitus2.png 1257w\" sizes=\"(max-width: 640px) 100vw, 600px\" \/><\/span><\/div><\/div><\/div><\/div><\/div>","protected":false},"excerpt":{"rendered":"","protected":false},"author":1,"featured_media":0,"parent":240,"menu_order":0,"comment_status":"closed","ping_status":"closed","template":"100-width.php","meta":{"footnotes":""},"class_list":["post-246","page","type-page","status-publish","hentry"],"yoast_head":"<!-- This site is optimized with the Yoast SEO plugin v27.4 - https:\/\/yoast.com\/product\/yoast-seo-wordpress\/ -->\n<title>IT-konsultointi - Index IT<\/title>\n<meta name=\"description\" content=\"Index IT tarjoaa asiantuntevaa IT-konsultointia sis\u00e4ll\u00f6nhallinnan ja rakenteisen dokumentoinnin ratkaisuihin. Autamme valitsemaan oikeat teknologiat ja toteuttamaan kest\u00e4vi\u00e4 j\u00e4rjestelmi\u00e4.\" \/>\n<meta name=\"robots\" content=\"index, follow, max-snippet:-1, max-image-preview:large, max-video-preview:-1\" \/>\n<link rel=\"canonical\" href=\"https:\/\/www.index.fi\/en\/palvelumme\/it-konsultointi\/\" \/>\n<meta property=\"og:locale\" content=\"en_US\" \/>\n<meta property=\"og:type\" content=\"article\" \/>\n<meta property=\"og:title\" content=\"IT-konsultointi - Index IT\" \/>\n<meta property=\"og:description\" content=\"Index IT tarjoaa asiantuntevaa IT-konsultointia sis\u00e4ll\u00f6nhallinnan ja rakenteisen dokumentoinnin ratkaisuihin. Autamme valitsemaan oikeat teknologiat ja toteuttamaan kest\u00e4vi\u00e4 j\u00e4rjestelmi\u00e4.\" \/>\n<meta property=\"og:url\" content=\"https:\/\/www.index.fi\/en\/palvelumme\/it-konsultointi\/\" \/>\n<meta property=\"og:site_name\" content=\"Index IT\" \/>\n<meta property=\"article:modified_time\" content=\"2025-08-12T08:01:13+00:00\" \/>\n<meta name=\"twitter:card\" content=\"summary_large_image\" \/>\n<meta name=\"twitter:label1\" content=\"Est. reading time\" \/>\n\t<meta name=\"twitter:data1\" content=\"1 minute\" \/>\n<script type=\"application\/ld+json\" class=\"yoast-schema-graph\">{\"@context\":\"https:\\\/\\\/schema.org\",\"@graph\":[{\"@type\":\"WebPage\",\"@id\":\"https:\\\/\\\/www.index.fi\\\/fi\\\/palvelumme\\\/it-konsultointi\\\/\",\"url\":\"https:\\\/\\\/www.index.fi\\\/fi\\\/palvelumme\\\/it-konsultointi\\\/\",\"name\":\"IT-konsultointi - Index IT\",\"isPartOf\":{\"@id\":\"https:\\\/\\\/www.index.fi\\\/#website\"},\"datePublished\":\"2023-09-12T06:28:41+00:00\",\"dateModified\":\"2025-08-12T08:01:13+00:00\",\"description\":\"Index IT tarjoaa asiantuntevaa IT-konsultointia sis\u00e4ll\u00f6nhallinnan ja rakenteisen dokumentoinnin ratkaisuihin. Autamme valitsemaan oikeat teknologiat ja toteuttamaan kest\u00e4vi\u00e4 j\u00e4rjestelmi\u00e4.\",\"breadcrumb\":{\"@id\":\"https:\\\/\\\/www.index.fi\\\/fi\\\/palvelumme\\\/it-konsultointi\\\/#breadcrumb\"},\"inLanguage\":\"en-US\",\"potentialAction\":[{\"@type\":\"ReadAction\",\"target\":[\"https:\\\/\\\/www.index.fi\\\/fi\\\/palvelumme\\\/it-konsultointi\\\/\"]}]},{\"@type\":\"BreadcrumbList\",\"@id\":\"https:\\\/\\\/www.index.fi\\\/fi\\\/palvelumme\\\/it-konsultointi\\\/#breadcrumb\",\"itemListElement\":[{\"@type\":\"ListItem\",\"position\":1,\"name\":\"Etusivu\",\"item\":\"https:\\\/\\\/www.index.fi\\\/fi\\\/\"},{\"@type\":\"ListItem\",\"position\":2,\"name\":\"Palvelumme\",\"item\":\"https:\\\/\\\/www.index.fi\\\/fi\\\/palvelumme\\\/\"},{\"@type\":\"ListItem\",\"position\":3,\"name\":\"IT-konsultointi\"}]},{\"@type\":\"WebSite\",\"@id\":\"https:\\\/\\\/www.index.fi\\\/#website\",\"url\":\"https:\\\/\\\/www.index.fi\\\/\",\"name\":\"Index IT\",\"description\":\"Index IT\",\"publisher\":{\"@id\":\"https:\\\/\\\/www.index.fi\\\/#organization\"},\"potentialAction\":[{\"@type\":\"SearchAction\",\"target\":{\"@type\":\"EntryPoint\",\"urlTemplate\":\"https:\\\/\\\/www.index.fi\\\/?s={search_term_string}\"},\"query-input\":{\"@type\":\"PropertyValueSpecification\",\"valueRequired\":true,\"valueName\":\"search_term_string\"}}],\"inLanguage\":\"en-US\"},{\"@type\":\"Organization\",\"@id\":\"https:\\\/\\\/www.index.fi\\\/#organization\",\"name\":\"Index IT\",\"url\":\"https:\\\/\\\/www.index.fi\\\/\",\"logo\":{\"@type\":\"ImageObject\",\"inLanguage\":\"en-US\",\"@id\":\"https:\\\/\\\/www.index.fi\\\/#\\\/schema\\\/logo\\\/image\\\/\",\"url\":\"https:\\\/\\\/www.index.fi\\\/wp-content\\\/uploads\\\/2023\\\/09\\\/Logo_digi.png\",\"contentUrl\":\"https:\\\/\\\/www.index.fi\\\/wp-content\\\/uploads\\\/2023\\\/09\\\/Logo_digi.png\",\"width\":2165,\"height\":570,\"caption\":\"Index IT\"},\"image\":{\"@id\":\"https:\\\/\\\/www.index.fi\\\/#\\\/schema\\\/logo\\\/image\\\/\"},\"sameAs\":[\"https:\\\/\\\/www.linkedin.com\\\/company\\\/index-information-technologies-oy\\\/\"]}]}<\/script>\n<!-- \/ Yoast SEO plugin. -->","yoast_head_json":{"title":"IT-konsultointi - Index IT","description":"Index IT tarjoaa asiantuntevaa IT-konsultointia sis\u00e4ll\u00f6nhallinnan ja rakenteisen dokumentoinnin ratkaisuihin. Autamme valitsemaan oikeat teknologiat ja toteuttamaan kest\u00e4vi\u00e4 j\u00e4rjestelmi\u00e4.","robots":{"index":"index","follow":"follow","max-snippet":"max-snippet:-1","max-image-preview":"max-image-preview:large","max-video-preview":"max-video-preview:-1"},"canonical":"https:\/\/www.index.fi\/en\/palvelumme\/it-konsultointi\/","og_locale":"en_US","og_type":"article","og_title":"IT-konsultointi - Index IT","og_description":"Index IT tarjoaa asiantuntevaa IT-konsultointia sis\u00e4ll\u00f6nhallinnan ja rakenteisen dokumentoinnin ratkaisuihin. Autamme valitsemaan oikeat teknologiat ja toteuttamaan kest\u00e4vi\u00e4 j\u00e4rjestelmi\u00e4.","og_url":"https:\/\/www.index.fi\/en\/palvelumme\/it-konsultointi\/","og_site_name":"Index IT","article_modified_time":"2025-08-12T08:01:13+00:00","twitter_card":"summary_large_image","twitter_misc":{"Est. reading time":"1 minute"},"schema":{"@context":"https:\/\/schema.org","@graph":[{"@type":"WebPage","@id":"https:\/\/www.index.fi\/fi\/palvelumme\/it-konsultointi\/","url":"https:\/\/www.index.fi\/fi\/palvelumme\/it-konsultointi\/","name":"IT-konsultointi - Index IT","isPartOf":{"@id":"https:\/\/www.index.fi\/#website"},"datePublished":"2023-09-12T06:28:41+00:00","dateModified":"2025-08-12T08:01:13+00:00","description":"Index IT tarjoaa asiantuntevaa IT-konsultointia sis\u00e4ll\u00f6nhallinnan ja rakenteisen dokumentoinnin ratkaisuihin. Autamme valitsemaan oikeat teknologiat ja toteuttamaan kest\u00e4vi\u00e4 j\u00e4rjestelmi\u00e4.","breadcrumb":{"@id":"https:\/\/www.index.fi\/fi\/palvelumme\/it-konsultointi\/#breadcrumb"},"inLanguage":"en-US","potentialAction":[{"@type":"ReadAction","target":["https:\/\/www.index.fi\/fi\/palvelumme\/it-konsultointi\/"]}]},{"@type":"BreadcrumbList","@id":"https:\/\/www.index.fi\/fi\/palvelumme\/it-konsultointi\/#breadcrumb","itemListElement":[{"@type":"ListItem","position":1,"name":"Etusivu","item":"https:\/\/www.index.fi\/fi\/"},{"@type":"ListItem","position":2,"name":"Palvelumme","item":"https:\/\/www.index.fi\/fi\/palvelumme\/"},{"@type":"ListItem","position":3,"name":"IT-konsultointi"}]},{"@type":"WebSite","@id":"https:\/\/www.index.fi\/#website","url":"https:\/\/www.index.fi\/","name":"Index IT","description":"Index IT","publisher":{"@id":"https:\/\/www.index.fi\/#organization"},"potentialAction":[{"@type":"SearchAction","target":{"@type":"EntryPoint","urlTemplate":"https:\/\/www.index.fi\/?s={search_term_string}"},"query-input":{"@type":"PropertyValueSpecification","valueRequired":true,"valueName":"search_term_string"}}],"inLanguage":"en-US"},{"@type":"Organization","@id":"https:\/\/www.index.fi\/#organization","name":"Index IT","url":"https:\/\/www.index.fi\/","logo":{"@type":"ImageObject","inLanguage":"en-US","@id":"https:\/\/www.index.fi\/#\/schema\/logo\/image\/","url":"https:\/\/www.index.fi\/wp-content\/uploads\/2023\/09\/Logo_digi.png","contentUrl":"https:\/\/www.index.fi\/wp-content\/uploads\/2023\/09\/Logo_digi.png","width":2165,"height":570,"caption":"Index IT"},"image":{"@id":"https:\/\/www.index.fi\/#\/schema\/logo\/image\/"},"sameAs":["https:\/\/www.linkedin.com\/company\/index-information-technologies-oy\/"]}]}},"_links":{"self":[{"href":"https:\/\/www.index.fi\/en\/wp-json\/wp\/v2\/pages\/246","targetHints":{"allow":["GET"]}}],"collection":[{"href":"https:\/\/www.index.fi\/en\/wp-json\/wp\/v2\/pages"}],"about":[{"href":"https:\/\/www.index.fi\/en\/wp-json\/wp\/v2\/types\/page"}],"author":[{"embeddable":true,"href":"https:\/\/www.index.fi\/en\/wp-json\/wp\/v2\/users\/1"}],"replies":[{"embeddable":true,"href":"https:\/\/www.index.fi\/en\/wp-json\/wp\/v2\/comments?post=246"}],"version-history":[{"count":20,"href":"https:\/\/www.index.fi\/en\/wp-json\/wp\/v2\/pages\/246\/revisions"}],"predecessor-version":[{"id":1161,"href":"https:\/\/www.index.fi\/en\/wp-json\/wp\/v2\/pages\/246\/revisions\/1161"}],"up":[{"embeddable":true,"href":"https:\/\/www.index.fi\/en\/wp-json\/wp\/v2\/pages\/240"}],"wp:attachment":[{"href":"https:\/\/www.index.fi\/en\/wp-json\/wp\/v2\/media?parent=246"}],"curies":[{"name":"wp","href":"https:\/\/api.w.org\/{rel}","templated":true}]}}