{"id":1260,"date":"2026-02-19T15:46:05","date_gmt":"2026-02-19T13:46:05","guid":{"rendered":"https:\/\/www.index.fi\/?page_id=1260"},"modified":"2026-02-20T09:40:24","modified_gmt":"2026-02-20T07:40:24","slug":"eu-asetusten-vaikutukset","status":"publish","type":"page","link":"https:\/\/www.index.fi\/fi\/tietopankki\/eu-asetusten-vaikutukset\/","title":{"rendered":"EU-asetusten vaikutukset dokumentaatioon"},"content":{"rendered":"<div class=\"fusion-fullwidth fullwidth-box fusion-builder-row-1 fusion-flex-container no-bottom-margin nonhundred-percent-fullwidth non-hundred-percent-height-scrolling\" style=\"--awb-border-radius-top-left:0px;--awb-border-radius-top-right:0px;--awb-border-radius-bottom-right:0px;--awb-border-radius-bottom-left:0px;--awb-padding-top-medium:80px;--awb-padding-bottom-medium:80px;--awb-margin-bottom-medium:80px;--awb-margin-bottom-small:60px;--awb-background-color:var(--awb-custom_color_2);--awb-flex-wrap:wrap;\" ><div class=\"fusion-builder-row fusion-row fusion-flex-align-items-stretch fusion-flex-content-wrap\" style=\"max-width:calc( 1200px + 30px );margin-left: calc(-30px \/ 2 );margin-right: calc(-30px \/ 2 );\"><div class=\"fusion-layout-column fusion_builder_column fusion-builder-column-0 fusion_builder_column_1_1 1_1 fusion-flex-column\" style=\"--awb-padding-top:90px;--awb-padding-right:40px;--awb-padding-bottom:80px;--awb-padding-left:40px;--awb-bg-color:var(--awb-custom_color_2);--awb-bg-color-hover:var(--awb-custom_color_2);--awb-bg-size:cover;--awb-width-large:100%;--awb-margin-top-large:0px;--awb-spacing-right-large:10px;--awb-margin-bottom-large:0px;--awb-spacing-left-large:15px;--awb-width-medium:33.333333333333%;--awb-spacing-right-medium:10px;--awb-spacing-left-medium:15px;--awb-width-small:100%;--awb-spacing-right-small:15px;--awb-margin-bottom-small:30px;--awb-spacing-left-small:15px;\"><div class=\"fusion-column-wrapper fusion-column-has-shadow fusion-flex-justify-content-flex-start fusion-content-layout-column\"><i class=\"fb-icon-element-1 fb-icon-element fontawesome-icon classic-thumbs-up-regular circle-no\" style=\"--awb-iconcolor:var(--awb-color4);--awb-iconcolor-hover:var(--awb-color4);--awb-font-size:72px;--awb-align-self:center;--awb-margin-top:0px;--awb-margin-right:0px;--awb-margin-bottom:30px;--awb-margin-left:0px;\"><\/i><div class=\"fusion-title title fusion-title-1 fusion-sep-none fusion-title-text fusion-title-size-one\" style=\"--awb-text-color:#ffffff;--awb-margin-bottom:30px;\"><h1 class=\"fusion-title-heading title-heading-left\" style=\"margin:0;\">EU-asetusten vaikutukset dokumentaatioon<\/h1><\/div><div class=\"fusion-text fusion-text-1 fusion-text-no-margin\" style=\"--awb-content-alignment:center;--awb-text-color:#ffffff;--awb-margin-bottom:10%;\"><p style=\"text-align: left;\">EU:n koneasetus (EU 2023\/1230) ja l\u00e4\u00e4kinn\u00e4llisi\u00e4 laitteita koskeva asetus (Medical Device Regulation, MDR) (EU 2017\/745) ohjaavat dokumentaation hallintaa koko tuotteen elinkaaren ajan. Siirtym\u00e4ajat n\u00e4iss\u00e4 asetuksissa ovat parhaillaan k\u00e4ynniss\u00e4, ja niiden p\u00e4\u00e4ttyminen tekee monessa organisaatiossa dokumentaation hallinnan ajankohtaiseksi.<\/p>\n<p style=\"text-align: left;\">MDR mahdollistaa s\u00e4hk\u00f6iset k\u00e4ytt\u00f6ohjeet eli eIFU:n (electronic instructions for use) tietyille ammattik\u00e4ytt\u00f6\u00f6n tarkoitetuille l\u00e4\u00e4kinn\u00e4llisille laitteille, kun julkaisuprosessi ja riskienhallinta on suunniteltu. Koneasetus puolestaan korostaa erityisesti ohjeiden saatavuutta ja k\u00e4ytett\u00e4vyytt\u00e4. Pyk\u00e4l\u00e4t eiv\u00e4t ota kantaa tiettyyn tekniseen formaattiin, vaan t\u00e4rkeint\u00e4 on, ett\u00e4 sis\u00e4lt\u00f6 on hallittua, helposti l\u00f6ydett\u00e4v\u00e4\u00e4 ja k\u00e4ytt\u00e4j\u00e4lle ymm\u00e4rrett\u00e4v\u00e4\u00e4.<\/p>\n<p style=\"text-align: left;\"><strong>HTML-pohjainen ohje tukee koneasetuksen ja MDR:n vaatimusten t\u00e4ytt\u00e4mist\u00e4<\/strong><\/p>\n<p style=\"text-align: left;\">HTML-pohjainen julkaisu tekee ohjeista helposti saatavia ja k\u00e4ytett\u00e4vi\u00e4. Se luo erinomaiset edellytykset saavutettavuudelle ja kansainv\u00e4listen standardien (kuten WCAG) huomioimiselle, kun sis\u00e4lt\u00f6 suunnitellaan k\u00e4ytt\u00e4j\u00e4l\u00e4ht\u00f6isesti. Loppuk\u00e4ytt\u00e4j\u00e4 p\u00e4\u00e4see oikeaan laitteen ohjeeseen nopeasti esimerkiksi QR-koodin avulla. Selaimella k\u00e4ytett\u00e4v\u00e4 ohje tarjoaa valmistajalle my\u00f6s turvallisuuteen liittyvien lis\u00e4ohjeiden jakelun helposti. Dokumenttipaketti voidaan lis\u00e4ksi varustaa tunnisteella, joka todistaa ohjeen pysyneen muuttumattomana. T\u00e4m\u00e4 helpottaa versionhallintaa ja tekee vaatimustenmukaisuuden osoittamisesta sujuvaa my\u00f6s auditointitilanteissa.<\/p>\n<p style=\"text-align: left;\">Muutoksen t\u00e4rkein ajuri on asiakasl\u00e4ht\u00f6isyys. PDF-ohjeet ovat hankalasti k\u00e4ytett\u00e4vi\u00e4 mobiililaitteilla ja paperiset ohjeet ovat aina v\u00e4\u00e4r\u00e4ss\u00e4 paikassa, kun niit\u00e4 tarvitaan. HTML-pohjainen ohje, esim. Oxygen WebHelp tarjoaa ohjeen juuri silloin ja siell\u00e4, miss\u00e4 k\u00e4ytt\u00e4j\u00e4 sit\u00e4 tarvitsee. My\u00f6s valmistajan vastuu on huomioitava, erityisesti l\u00e4\u00e4kinn\u00e4llisiss\u00e4 laitteissa, joissa ohjeiden saatavuus liittyy suoraan potilasturvallisuuteen.<\/p>\n<p style=\"text-align: left;\"><strong>Rakenteinen dokumentaatio ratkaisee s\u00e4\u00e4ntelyn keskeiset haasteet<\/strong><\/p>\n<p style=\"text-align: left;\">Nyt on oikea hetki siirty\u00e4 rakenteiseen dokumentointiin. Yhdest\u00e4 hallitusta l\u00e4hteest\u00e4 voidaan tuottaa kaikki tarvittavat formaatit: painokelpoinen PDF, HTML-pohjainen ohje ja muut julkaisut. Rakenteinen dokumentointi ja CCMS-j\u00e4rjestelm\u00e4 varmistavat versionhallinnan, j\u00e4ljitett\u00e4vyyden ja hallitun julkaisuprosessin. Sama hyv\u00e4ksytty sis\u00e4lt\u00f6 p\u00e4ivittyy kaikkiin kanaviin, mik\u00e4 tukee vaatimustenmukaisuutta ja helpottaa auditointeja.<\/p>\n<p style=\"text-align: left;\">Me Index IT:ll\u00e4 olemme toteuttaneet lukuisia HTML-ratkaisuja sek\u00e4 kaupallisilla ett\u00e4 avoimen l\u00e4hdekoodin teknologioilla. Tuemme my\u00f6s organisaatioita rakenteiseen dokumentointiin siirtymisess\u00e4, CCMS-ratkaisujen m\u00e4\u00e4rittelyss\u00e4 ja k\u00e4ytt\u00f6\u00f6notossa.<\/p>\n<p style=\"text-align: left;\">L\u00e4hteet ja lis\u00e4\u00e4 aiheesta:<\/p>\n<p style=\"text-align: left;\">https:\/\/www.bsigroup.com\/contentassets\/c48f4dd0aa8d4042987a2fbe72c3e086\/white_paper__technical_documentation_web_v3.pdf<\/p>\n<p style=\"text-align: left;\">https:\/\/www.technical-communication.org\/fileadmin\/tekom.eu\/Technical_Communication\/2026-01-19_tekom_Europe_position_paper_on_EC_Guide_to_application_Machinery_Regulation.pdf<\/p>\n<\/div><\/div><\/div><\/div><\/div>\n","protected":false},"excerpt":{"rendered":"","protected":false},"author":1,"featured_media":0,"parent":686,"menu_order":0,"comment_status":"closed","ping_status":"closed","template":"100-width.php","meta":{"footnotes":""},"class_list":["post-1260","page","type-page","status-publish","hentry"],"yoast_head":"<!-- This site is optimized with the Yoast SEO plugin v27.5 - https:\/\/yoast.com\/product\/yoast-seo-wordpress\/ -->\n<title>EU-asetusten vaikutukset dokumentaatioon - Index IT<\/title>\n<meta name=\"description\" content=\"EU:n koneasetus (EU 2023\/1230) ja l\u00e4\u00e4kinn\u00e4llisi\u00e4 laitteita koskeva asetus (Medical Device Regulation, MDR) (EU 2017\/745) ohjaavat dokumentaation hallintaa koko tuotteen elinkaaren ajan.\" \/>\n<meta name=\"robots\" content=\"index, follow, max-snippet:-1, max-image-preview:large, max-video-preview:-1\" \/>\n<link rel=\"canonical\" href=\"https:\/\/www.index.fi\/fi\/tietopankki\/eu-asetusten-vaikutukset\/\" \/>\n<meta property=\"og:locale\" content=\"fi_FI\" \/>\n<meta property=\"og:type\" content=\"article\" \/>\n<meta property=\"og:title\" content=\"EU-asetusten vaikutukset dokumentaatioon - Index IT\" \/>\n<meta property=\"og:description\" content=\"EU:n koneasetus (EU 2023\/1230) ja l\u00e4\u00e4kinn\u00e4llisi\u00e4 laitteita koskeva asetus (Medical Device Regulation, MDR) (EU 2017\/745) ohjaavat dokumentaation hallintaa koko tuotteen elinkaaren ajan.\" \/>\n<meta property=\"og:url\" content=\"https:\/\/www.index.fi\/fi\/tietopankki\/eu-asetusten-vaikutukset\/\" \/>\n<meta property=\"og:site_name\" content=\"Index IT\" \/>\n<meta property=\"article:modified_time\" content=\"2026-02-20T07:40:24+00:00\" \/>\n<meta name=\"twitter:card\" content=\"summary_large_image\" \/>\n<meta name=\"twitter:label1\" content=\"Arvioitu lukuaika\" \/>\n\t<meta name=\"twitter:data1\" content=\"2 minuuttia\" \/>\n<script type=\"application\/ld+json\" class=\"yoast-schema-graph\">{\"@context\":\"https:\\\/\\\/schema.org\",\"@graph\":[{\"@type\":\"WebPage\",\"@id\":\"https:\\\/\\\/www.index.fi\\\/tietopankki\\\/eu-asetusten-vaikutukset\\\/\",\"url\":\"https:\\\/\\\/www.index.fi\\\/tietopankki\\\/eu-asetusten-vaikutukset\\\/\",\"name\":\"EU-asetusten vaikutukset dokumentaatioon - Index IT\",\"isPartOf\":{\"@id\":\"https:\\\/\\\/www.index.fi\\\/#website\"},\"datePublished\":\"2026-02-19T13:46:05+00:00\",\"dateModified\":\"2026-02-20T07:40:24+00:00\",\"description\":\"EU:n koneasetus (EU 2023\\\/1230) ja l\u00e4\u00e4kinn\u00e4llisi\u00e4 laitteita koskeva asetus (Medical Device Regulation, MDR) (EU 2017\\\/745) ohjaavat dokumentaation hallintaa koko tuotteen elinkaaren ajan.\",\"breadcrumb\":{\"@id\":\"https:\\\/\\\/www.index.fi\\\/tietopankki\\\/eu-asetusten-vaikutukset\\\/#breadcrumb\"},\"inLanguage\":\"fi\",\"potentialAction\":[{\"@type\":\"ReadAction\",\"target\":[\"https:\\\/\\\/www.index.fi\\\/tietopankki\\\/eu-asetusten-vaikutukset\\\/\"]}]},{\"@type\":\"BreadcrumbList\",\"@id\":\"https:\\\/\\\/www.index.fi\\\/tietopankki\\\/eu-asetusten-vaikutukset\\\/#breadcrumb\",\"itemListElement\":[{\"@type\":\"ListItem\",\"position\":1,\"name\":\"Etusivu\",\"item\":\"https:\\\/\\\/www.index.fi\\\/fi\\\/\"},{\"@type\":\"ListItem\",\"position\":2,\"name\":\"Tietopankki\",\"item\":\"https:\\\/\\\/www.index.fi\\\/fi\\\/tietopankki\\\/\"},{\"@type\":\"ListItem\",\"position\":3,\"name\":\"EU-asetusten vaikutukset dokumentaatioon\"}]},{\"@type\":\"WebSite\",\"@id\":\"https:\\\/\\\/www.index.fi\\\/#website\",\"url\":\"https:\\\/\\\/www.index.fi\\\/\",\"name\":\"Index IT\",\"description\":\"Index IT\",\"publisher\":{\"@id\":\"https:\\\/\\\/www.index.fi\\\/#organization\"},\"potentialAction\":[{\"@type\":\"SearchAction\",\"target\":{\"@type\":\"EntryPoint\",\"urlTemplate\":\"https:\\\/\\\/www.index.fi\\\/?s={search_term_string}\"},\"query-input\":{\"@type\":\"PropertyValueSpecification\",\"valueRequired\":true,\"valueName\":\"search_term_string\"}}],\"inLanguage\":\"fi\"},{\"@type\":\"Organization\",\"@id\":\"https:\\\/\\\/www.index.fi\\\/#organization\",\"name\":\"Index IT\",\"url\":\"https:\\\/\\\/www.index.fi\\\/\",\"logo\":{\"@type\":\"ImageObject\",\"inLanguage\":\"fi\",\"@id\":\"https:\\\/\\\/www.index.fi\\\/#\\\/schema\\\/logo\\\/image\\\/\",\"url\":\"https:\\\/\\\/www.index.fi\\\/wp-content\\\/uploads\\\/2023\\\/09\\\/Logo_digi.png\",\"contentUrl\":\"https:\\\/\\\/www.index.fi\\\/wp-content\\\/uploads\\\/2023\\\/09\\\/Logo_digi.png\",\"width\":2165,\"height\":570,\"caption\":\"Index IT\"},\"image\":{\"@id\":\"https:\\\/\\\/www.index.fi\\\/#\\\/schema\\\/logo\\\/image\\\/\"},\"sameAs\":[\"https:\\\/\\\/www.linkedin.com\\\/company\\\/index-information-technologies-oy\\\/\"]}]}<\/script>\n<!-- \/ Yoast SEO plugin. -->","yoast_head_json":{"title":"EU-asetusten vaikutukset dokumentaatioon - Index IT","description":"EU:n koneasetus (EU 2023\/1230) ja l\u00e4\u00e4kinn\u00e4llisi\u00e4 laitteita koskeva asetus (Medical Device Regulation, MDR) (EU 2017\/745) ohjaavat dokumentaation hallintaa koko tuotteen elinkaaren ajan.","robots":{"index":"index","follow":"follow","max-snippet":"max-snippet:-1","max-image-preview":"max-image-preview:large","max-video-preview":"max-video-preview:-1"},"canonical":"https:\/\/www.index.fi\/fi\/tietopankki\/eu-asetusten-vaikutukset\/","og_locale":"fi_FI","og_type":"article","og_title":"EU-asetusten vaikutukset dokumentaatioon - Index IT","og_description":"EU:n koneasetus (EU 2023\/1230) ja l\u00e4\u00e4kinn\u00e4llisi\u00e4 laitteita koskeva asetus (Medical Device Regulation, MDR) (EU 2017\/745) ohjaavat dokumentaation hallintaa koko tuotteen elinkaaren ajan.","og_url":"https:\/\/www.index.fi\/fi\/tietopankki\/eu-asetusten-vaikutukset\/","og_site_name":"Index IT","article_modified_time":"2026-02-20T07:40:24+00:00","twitter_card":"summary_large_image","twitter_misc":{"Arvioitu lukuaika":"2 minuuttia"},"schema":{"@context":"https:\/\/schema.org","@graph":[{"@type":"WebPage","@id":"https:\/\/www.index.fi\/tietopankki\/eu-asetusten-vaikutukset\/","url":"https:\/\/www.index.fi\/tietopankki\/eu-asetusten-vaikutukset\/","name":"EU-asetusten vaikutukset dokumentaatioon - Index IT","isPartOf":{"@id":"https:\/\/www.index.fi\/#website"},"datePublished":"2026-02-19T13:46:05+00:00","dateModified":"2026-02-20T07:40:24+00:00","description":"EU:n koneasetus (EU 2023\/1230) ja l\u00e4\u00e4kinn\u00e4llisi\u00e4 laitteita koskeva asetus (Medical Device Regulation, MDR) (EU 2017\/745) ohjaavat dokumentaation hallintaa koko tuotteen elinkaaren ajan.","breadcrumb":{"@id":"https:\/\/www.index.fi\/tietopankki\/eu-asetusten-vaikutukset\/#breadcrumb"},"inLanguage":"fi","potentialAction":[{"@type":"ReadAction","target":["https:\/\/www.index.fi\/tietopankki\/eu-asetusten-vaikutukset\/"]}]},{"@type":"BreadcrumbList","@id":"https:\/\/www.index.fi\/tietopankki\/eu-asetusten-vaikutukset\/#breadcrumb","itemListElement":[{"@type":"ListItem","position":1,"name":"Etusivu","item":"https:\/\/www.index.fi\/fi\/"},{"@type":"ListItem","position":2,"name":"Tietopankki","item":"https:\/\/www.index.fi\/fi\/tietopankki\/"},{"@type":"ListItem","position":3,"name":"EU-asetusten vaikutukset dokumentaatioon"}]},{"@type":"WebSite","@id":"https:\/\/www.index.fi\/#website","url":"https:\/\/www.index.fi\/","name":"Index IT","description":"Index IT","publisher":{"@id":"https:\/\/www.index.fi\/#organization"},"potentialAction":[{"@type":"SearchAction","target":{"@type":"EntryPoint","urlTemplate":"https:\/\/www.index.fi\/?s={search_term_string}"},"query-input":{"@type":"PropertyValueSpecification","valueRequired":true,"valueName":"search_term_string"}}],"inLanguage":"fi"},{"@type":"Organization","@id":"https:\/\/www.index.fi\/#organization","name":"Index IT","url":"https:\/\/www.index.fi\/","logo":{"@type":"ImageObject","inLanguage":"fi","@id":"https:\/\/www.index.fi\/#\/schema\/logo\/image\/","url":"https:\/\/www.index.fi\/wp-content\/uploads\/2023\/09\/Logo_digi.png","contentUrl":"https:\/\/www.index.fi\/wp-content\/uploads\/2023\/09\/Logo_digi.png","width":2165,"height":570,"caption":"Index IT"},"image":{"@id":"https:\/\/www.index.fi\/#\/schema\/logo\/image\/"},"sameAs":["https:\/\/www.linkedin.com\/company\/index-information-technologies-oy\/"]}]}},"_links":{"self":[{"href":"https:\/\/www.index.fi\/fi\/wp-json\/wp\/v2\/pages\/1260","targetHints":{"allow":["GET"]}}],"collection":[{"href":"https:\/\/www.index.fi\/fi\/wp-json\/wp\/v2\/pages"}],"about":[{"href":"https:\/\/www.index.fi\/fi\/wp-json\/wp\/v2\/types\/page"}],"author":[{"embeddable":true,"href":"https:\/\/www.index.fi\/fi\/wp-json\/wp\/v2\/users\/1"}],"replies":[{"embeddable":true,"href":"https:\/\/www.index.fi\/fi\/wp-json\/wp\/v2\/comments?post=1260"}],"version-history":[{"count":15,"href":"https:\/\/www.index.fi\/fi\/wp-json\/wp\/v2\/pages\/1260\/revisions"}],"predecessor-version":[{"id":1287,"href":"https:\/\/www.index.fi\/fi\/wp-json\/wp\/v2\/pages\/1260\/revisions\/1287"}],"up":[{"embeddable":true,"href":"https:\/\/www.index.fi\/fi\/wp-json\/wp\/v2\/pages\/686"}],"wp:attachment":[{"href":"https:\/\/www.index.fi\/fi\/wp-json\/wp\/v2\/media?parent=1260"}],"curies":[{"name":"wp","href":"https:\/\/api.w.org\/{rel}","templated":true}]}}