{"id":1269,"date":"2026-02-19T15:52:59","date_gmt":"2026-02-19T13:52:59","guid":{"rendered":"https:\/\/www.index.fi\/?page_id=1269"},"modified":"2026-02-19T16:18:59","modified_gmt":"2026-02-19T14:18:59","slug":"dita-standardi","status":"publish","type":"page","link":"https:\/\/www.index.fi\/fi\/tietopankki\/dita-standardi\/","title":{"rendered":"Standardit dokumentoinnissa"},"content":{"rendered":"<div class=\"fusion-fullwidth fullwidth-box fusion-builder-row-1 fusion-flex-container no-bottom-margin nonhundred-percent-fullwidth non-hundred-percent-height-scrolling\" style=\"--awb-border-radius-top-left:0px;--awb-border-radius-top-right:0px;--awb-border-radius-bottom-right:0px;--awb-border-radius-bottom-left:0px;--awb-padding-top-medium:80px;--awb-padding-bottom-medium:80px;--awb-margin-bottom-medium:80px;--awb-margin-bottom-small:60px;--awb-background-color:var(--awb-custom_color_2);--awb-flex-wrap:wrap;\" ><div class=\"fusion-builder-row fusion-row fusion-flex-align-items-stretch fusion-flex-content-wrap\" style=\"max-width:calc( 1200px + 30px );margin-left: calc(-30px \/ 2 );margin-right: calc(-30px \/ 2 );\"><div class=\"fusion-layout-column fusion_builder_column fusion-builder-column-0 fusion_builder_column_1_1 1_1 fusion-flex-column\" style=\"--awb-padding-top:90px;--awb-padding-right:40px;--awb-padding-bottom:80px;--awb-padding-left:40px;--awb-bg-color:var(--awb-custom_color_2);--awb-bg-color-hover:var(--awb-custom_color_2);--awb-bg-size:cover;--awb-width-large:100%;--awb-margin-top-large:0px;--awb-spacing-right-large:10px;--awb-margin-bottom-large:0px;--awb-spacing-left-large:15px;--awb-width-medium:33.333333333333%;--awb-spacing-right-medium:10px;--awb-spacing-left-medium:15px;--awb-width-small:100%;--awb-spacing-right-small:15px;--awb-margin-bottom-small:30px;--awb-spacing-left-small:15px;\"><div class=\"fusion-column-wrapper fusion-column-has-shadow fusion-flex-justify-content-flex-start fusion-content-layout-column\"><i class=\"fb-icon-element-1 fb-icon-element fontawesome-icon classic-thumbs-up-regular circle-no\" style=\"--awb-iconcolor:var(--awb-color4);--awb-iconcolor-hover:var(--awb-color4);--awb-font-size:72px;--awb-align-self:center;--awb-margin-top:0px;--awb-margin-right:0px;--awb-margin-bottom:30px;--awb-margin-left:0px;\"><\/i><div class=\"fusion-title title fusion-title-1 fusion-sep-none fusion-title-text fusion-title-size-one\" style=\"--awb-text-color:#ffffff;--awb-margin-bottom:30px;\"><h1 class=\"fusion-title-heading title-heading-left\" style=\"margin:0;\">Standardit dokumentoinnissa<\/h1><\/div><div class=\"fusion-text fusion-text-1 fusion-text-no-margin\" style=\"--awb-content-alignment:center;--awb-text-color:#ffffff;--awb-margin-bottom:10%;\"><p style=\"text-align: left;\">Teknisen dokumentaation hallinnassa valinta suljetun j\u00e4rjestelm\u00e4n ja avoimen standardin v\u00e4lill\u00e4 on organisaation strateginen p\u00e4\u00e4t\u00f6s. Kun yrityksen sis\u00e4lt\u00f6 pohjautuu vakiintuneisiin standardeihin, kuten DITAan (Darwin Information Typing Architecture), varmistetaan tiedon pitk\u00e4ik\u00e4isyys ja tekninen joustavuus. <a href=\"https:\/\/www.index.fi\/fi\/tietopankki\/dita\/\">Lue lis\u00e4\u00e4 DITA:sta.<\/a><\/p>\n<p style=\"text-align: left;\"><span style=\"letter-spacing: 0.24px; text-align: center;\"><b>Toimittajariippuvuuden ehk\u00e4iseminen<\/b><\/span><\/p>\n<p style=\"text-align: left;\"><span style=\"letter-spacing: 0.24px; text-align: center;\">Yksi standardoinnin merkitt\u00e4vimmist\u00e4 hy\u00f6dyist\u00e4 on riippumattomuus ohjelmistotoimittajista (vendor lock-in). K\u00e4ytt\u00e4m\u00e4ll\u00e4 standardia XML-muotoa yrityksen data s\u00e4ilyy siirrett\u00e4v\u00e4n\u00e4 ja muokattavana j\u00e4rjestelm\u00e4st\u00e4 riippumatta.<\/span><\/p>\n<p style=\"text-align: left;\"><span style=\"letter-spacing: 0.24px; text-align: center;\">&#8211; Datan siirrett\u00e4vyys: Sis\u00e4lt\u00f6\u00e4 ei ole lukittu tietyn ohjelmiston sis\u00e4iseen rakenteeseen, mik\u00e4 helpottaa j\u00e4rjestelm\u00e4p\u00e4ivityksi\u00e4 ja -vaihtoja.<\/span><\/p>\n<p style=\"text-align: left;\"><span style=\"letter-spacing: 0.24px; text-align: center;\">&#8211; Omistajuus: Yritys omistaa raakadatansa suoraan standardoidussa muodossa, mik\u00e4 takaa p\u00e4\u00e4syn tietoon my\u00f6s vuosikymmenten kuluttua.<\/span><\/p>\n<p style=\"text-align: left;\"><span style=\"letter-spacing: 0.24px; text-align: center;\">&#8211; Taloudellinen riskienhallinta: Vendor lock-in lis\u00e4\u00e4 riski\u00e4 kustannusten hallitsemattomalle nousulle. Kun sis\u00e4ll\u00f6n hallinta on sidottu yhteen toimittajaan, kilpailun puute markkinoilla antaa palveluntarjoajalle suuremman vallan hinnoitteluun ja ehtoihin.<\/span><\/p>\n<p style=\"text-align: left;\"><span style=\"letter-spacing: 0.24px; text-align: center;\"><b>Avoimet ratkaisut ja kustannustehokkuus<\/b><\/span><\/p>\n<p style=\"text-align: left;\"><span style=\"letter-spacing: 0.24px; text-align: center;\">Standardointi luo ymp\u00e4rilleen laajan ekosysteemin, joka tarjoaa vaihtoehtoja sek\u00e4 ulkoistamiseen ett\u00e4 sis\u00e4iseen kehitykseen.<\/span><\/p>\n<p style=\"text-align: left;\"><span style=\"letter-spacing: 0.24px; text-align: center;\">&#8211; Avoimen l\u00e4hdekoodin ty\u00f6kalut: Esimerkiksi DITA Open Toolkit (DITA-OT) mahdollistaa laadukkaiden julkaisuputkien rakentamisen ilman jatkuvia lisenssikustannuksia.<\/span><\/p>\n<p style=\"text-align: left;\"><span style=\"letter-spacing: 0.24px;\">&#8211; In-house -kehitys: Standardoitu rakenne on dokumentoitu ja julkinen, jolloin yrityksen omat asiantuntijat voivat kehitt\u00e4\u00e4 r\u00e4\u00e4t\u00e4l\u00f6ityj\u00e4 ratkaisuja olemassa olevien kirjastojen p\u00e4\u00e4lle.<\/span><\/p>\n<p style=\"text-align: left;\"><span style=\"letter-spacing: 0.24px;\">&#8211; Kilpailutus: Koska osaaminen perustuu avoimeen standardiin, yritys voi vapaasti kilpailuttaa asiantuntijapalvelut, kuten teknisen kirjoittamisen ja IT-tuen, sovelluskehityksen laajemman markkinan sis\u00e4ll\u00e4.<\/span><\/p>\n<p style=\"text-align: left;\">Index tarjoaa syv\u00e4llist\u00e4 osaamista standardeihin perustuvien dokumentointij\u00e4rjestelmien toteutuksessa. Vuosikymmenten kokemuksemme takaa, ett\u00e4 yrityksenne tekninen tieto on helposti hallittavissa, muokattavissa ja hy\u00f6dynnett\u00e4viss\u00e4 my\u00f6s tulevaisuudessa.<\/p>\n<\/div><\/div><\/div><\/div><\/div>\n","protected":false},"excerpt":{"rendered":"","protected":false},"author":1,"featured_media":0,"parent":686,"menu_order":0,"comment_status":"closed","ping_status":"closed","template":"100-width.php","meta":{"footnotes":""},"class_list":["post-1269","page","type-page","status-publish","hentry"],"yoast_head":"<!-- This site is optimized with the Yoast SEO plugin v27.5 - https:\/\/yoast.com\/product\/yoast-seo-wordpress\/ -->\n<title>Standardit dokumentoinnissa - Index IT<\/title>\n<meta name=\"description\" content=\"DITA-standardin ymp\u00e4rille on kehittynyt laaja ekosysteemi ty\u00f6kaluja, joita kuka tahansa voi k\u00e4ytt\u00e4\u00e4 ilman lisenssimaksuja. Keskeisin n\u00e4ist\u00e4 on DITA Open Toolkit (DITA-OT).\" \/>\n<meta name=\"robots\" content=\"index, follow, max-snippet:-1, max-image-preview:large, max-video-preview:-1\" \/>\n<link rel=\"canonical\" href=\"https:\/\/www.index.fi\/fi\/tietopankki\/dita-standardi\/\" \/>\n<meta property=\"og:locale\" content=\"fi_FI\" \/>\n<meta property=\"og:type\" content=\"article\" \/>\n<meta property=\"og:title\" content=\"Standardit dokumentoinnissa - Index IT\" \/>\n<meta property=\"og:description\" content=\"DITA-standardin ymp\u00e4rille on kehittynyt laaja ekosysteemi ty\u00f6kaluja, joita kuka tahansa voi k\u00e4ytt\u00e4\u00e4 ilman lisenssimaksuja. Keskeisin n\u00e4ist\u00e4 on DITA Open Toolkit (DITA-OT).\" \/>\n<meta property=\"og:url\" content=\"https:\/\/www.index.fi\/fi\/tietopankki\/dita-standardi\/\" \/>\n<meta property=\"og:site_name\" content=\"Index IT\" \/>\n<meta property=\"article:modified_time\" content=\"2026-02-19T14:18:59+00:00\" \/>\n<meta name=\"twitter:card\" content=\"summary_large_image\" \/>\n<meta name=\"twitter:label1\" content=\"Arvioitu lukuaika\" \/>\n\t<meta name=\"twitter:data1\" content=\"2 minuuttia\" \/>\n<script type=\"application\/ld+json\" class=\"yoast-schema-graph\">{\"@context\":\"https:\\\/\\\/schema.org\",\"@graph\":[{\"@type\":\"WebPage\",\"@id\":\"https:\\\/\\\/www.index.fi\\\/fi\\\/tietopankki\\\/dita-standardi\\\/\",\"url\":\"https:\\\/\\\/www.index.fi\\\/fi\\\/tietopankki\\\/dita-standardi\\\/\",\"name\":\"Standardit dokumentoinnissa - Index IT\",\"isPartOf\":{\"@id\":\"https:\\\/\\\/www.index.fi\\\/#website\"},\"datePublished\":\"2026-02-19T13:52:59+00:00\",\"dateModified\":\"2026-02-19T14:18:59+00:00\",\"description\":\"DITA-standardin ymp\u00e4rille on kehittynyt laaja ekosysteemi ty\u00f6kaluja, joita kuka tahansa voi k\u00e4ytt\u00e4\u00e4 ilman lisenssimaksuja. Keskeisin n\u00e4ist\u00e4 on DITA Open Toolkit (DITA-OT).\",\"breadcrumb\":{\"@id\":\"https:\\\/\\\/www.index.fi\\\/fi\\\/tietopankki\\\/dita-standardi\\\/#breadcrumb\"},\"inLanguage\":\"fi\",\"potentialAction\":[{\"@type\":\"ReadAction\",\"target\":[\"https:\\\/\\\/www.index.fi\\\/fi\\\/tietopankki\\\/dita-standardi\\\/\"]}]},{\"@type\":\"BreadcrumbList\",\"@id\":\"https:\\\/\\\/www.index.fi\\\/fi\\\/tietopankki\\\/dita-standardi\\\/#breadcrumb\",\"itemListElement\":[{\"@type\":\"ListItem\",\"position\":1,\"name\":\"Etusivu\",\"item\":\"https:\\\/\\\/www.index.fi\\\/fi\\\/\"},{\"@type\":\"ListItem\",\"position\":2,\"name\":\"Tietopankki\",\"item\":\"https:\\\/\\\/www.index.fi\\\/fi\\\/tietopankki\\\/\"},{\"@type\":\"ListItem\",\"position\":3,\"name\":\"Standardit dokumentoinnissa\"}]},{\"@type\":\"WebSite\",\"@id\":\"https:\\\/\\\/www.index.fi\\\/#website\",\"url\":\"https:\\\/\\\/www.index.fi\\\/\",\"name\":\"Index IT\",\"description\":\"Index IT\",\"publisher\":{\"@id\":\"https:\\\/\\\/www.index.fi\\\/#organization\"},\"potentialAction\":[{\"@type\":\"SearchAction\",\"target\":{\"@type\":\"EntryPoint\",\"urlTemplate\":\"https:\\\/\\\/www.index.fi\\\/?s={search_term_string}\"},\"query-input\":{\"@type\":\"PropertyValueSpecification\",\"valueRequired\":true,\"valueName\":\"search_term_string\"}}],\"inLanguage\":\"fi\"},{\"@type\":\"Organization\",\"@id\":\"https:\\\/\\\/www.index.fi\\\/#organization\",\"name\":\"Index IT\",\"url\":\"https:\\\/\\\/www.index.fi\\\/\",\"logo\":{\"@type\":\"ImageObject\",\"inLanguage\":\"fi\",\"@id\":\"https:\\\/\\\/www.index.fi\\\/#\\\/schema\\\/logo\\\/image\\\/\",\"url\":\"https:\\\/\\\/www.index.fi\\\/wp-content\\\/uploads\\\/2023\\\/09\\\/Logo_digi.png\",\"contentUrl\":\"https:\\\/\\\/www.index.fi\\\/wp-content\\\/uploads\\\/2023\\\/09\\\/Logo_digi.png\",\"width\":2165,\"height\":570,\"caption\":\"Index IT\"},\"image\":{\"@id\":\"https:\\\/\\\/www.index.fi\\\/#\\\/schema\\\/logo\\\/image\\\/\"},\"sameAs\":[\"https:\\\/\\\/www.linkedin.com\\\/company\\\/index-information-technologies-oy\\\/\"]}]}<\/script>\n<!-- \/ Yoast SEO plugin. -->","yoast_head_json":{"title":"Standardit dokumentoinnissa - Index IT","description":"DITA-standardin ymp\u00e4rille on kehittynyt laaja ekosysteemi ty\u00f6kaluja, joita kuka tahansa voi k\u00e4ytt\u00e4\u00e4 ilman lisenssimaksuja. Keskeisin n\u00e4ist\u00e4 on DITA Open Toolkit (DITA-OT).","robots":{"index":"index","follow":"follow","max-snippet":"max-snippet:-1","max-image-preview":"max-image-preview:large","max-video-preview":"max-video-preview:-1"},"canonical":"https:\/\/www.index.fi\/fi\/tietopankki\/dita-standardi\/","og_locale":"fi_FI","og_type":"article","og_title":"Standardit dokumentoinnissa - Index IT","og_description":"DITA-standardin ymp\u00e4rille on kehittynyt laaja ekosysteemi ty\u00f6kaluja, joita kuka tahansa voi k\u00e4ytt\u00e4\u00e4 ilman lisenssimaksuja. Keskeisin n\u00e4ist\u00e4 on DITA Open Toolkit (DITA-OT).","og_url":"https:\/\/www.index.fi\/fi\/tietopankki\/dita-standardi\/","og_site_name":"Index IT","article_modified_time":"2026-02-19T14:18:59+00:00","twitter_card":"summary_large_image","twitter_misc":{"Arvioitu lukuaika":"2 minuuttia"},"schema":{"@context":"https:\/\/schema.org","@graph":[{"@type":"WebPage","@id":"https:\/\/www.index.fi\/fi\/tietopankki\/dita-standardi\/","url":"https:\/\/www.index.fi\/fi\/tietopankki\/dita-standardi\/","name":"Standardit dokumentoinnissa - Index IT","isPartOf":{"@id":"https:\/\/www.index.fi\/#website"},"datePublished":"2026-02-19T13:52:59+00:00","dateModified":"2026-02-19T14:18:59+00:00","description":"DITA-standardin ymp\u00e4rille on kehittynyt laaja ekosysteemi ty\u00f6kaluja, joita kuka tahansa voi k\u00e4ytt\u00e4\u00e4 ilman lisenssimaksuja. Keskeisin n\u00e4ist\u00e4 on DITA Open Toolkit (DITA-OT).","breadcrumb":{"@id":"https:\/\/www.index.fi\/fi\/tietopankki\/dita-standardi\/#breadcrumb"},"inLanguage":"fi","potentialAction":[{"@type":"ReadAction","target":["https:\/\/www.index.fi\/fi\/tietopankki\/dita-standardi\/"]}]},{"@type":"BreadcrumbList","@id":"https:\/\/www.index.fi\/fi\/tietopankki\/dita-standardi\/#breadcrumb","itemListElement":[{"@type":"ListItem","position":1,"name":"Etusivu","item":"https:\/\/www.index.fi\/fi\/"},{"@type":"ListItem","position":2,"name":"Tietopankki","item":"https:\/\/www.index.fi\/fi\/tietopankki\/"},{"@type":"ListItem","position":3,"name":"Standardit dokumentoinnissa"}]},{"@type":"WebSite","@id":"https:\/\/www.index.fi\/#website","url":"https:\/\/www.index.fi\/","name":"Index IT","description":"Index IT","publisher":{"@id":"https:\/\/www.index.fi\/#organization"},"potentialAction":[{"@type":"SearchAction","target":{"@type":"EntryPoint","urlTemplate":"https:\/\/www.index.fi\/?s={search_term_string}"},"query-input":{"@type":"PropertyValueSpecification","valueRequired":true,"valueName":"search_term_string"}}],"inLanguage":"fi"},{"@type":"Organization","@id":"https:\/\/www.index.fi\/#organization","name":"Index IT","url":"https:\/\/www.index.fi\/","logo":{"@type":"ImageObject","inLanguage":"fi","@id":"https:\/\/www.index.fi\/#\/schema\/logo\/image\/","url":"https:\/\/www.index.fi\/wp-content\/uploads\/2023\/09\/Logo_digi.png","contentUrl":"https:\/\/www.index.fi\/wp-content\/uploads\/2023\/09\/Logo_digi.png","width":2165,"height":570,"caption":"Index IT"},"image":{"@id":"https:\/\/www.index.fi\/#\/schema\/logo\/image\/"},"sameAs":["https:\/\/www.linkedin.com\/company\/index-information-technologies-oy\/"]}]}},"_links":{"self":[{"href":"https:\/\/www.index.fi\/fi\/wp-json\/wp\/v2\/pages\/1269","targetHints":{"allow":["GET"]}}],"collection":[{"href":"https:\/\/www.index.fi\/fi\/wp-json\/wp\/v2\/pages"}],"about":[{"href":"https:\/\/www.index.fi\/fi\/wp-json\/wp\/v2\/types\/page"}],"author":[{"embeddable":true,"href":"https:\/\/www.index.fi\/fi\/wp-json\/wp\/v2\/users\/1"}],"replies":[{"embeddable":true,"href":"https:\/\/www.index.fi\/fi\/wp-json\/wp\/v2\/comments?post=1269"}],"version-history":[{"count":8,"href":"https:\/\/www.index.fi\/fi\/wp-json\/wp\/v2\/pages\/1269\/revisions"}],"predecessor-version":[{"id":1278,"href":"https:\/\/www.index.fi\/fi\/wp-json\/wp\/v2\/pages\/1269\/revisions\/1278"}],"up":[{"embeddable":true,"href":"https:\/\/www.index.fi\/fi\/wp-json\/wp\/v2\/pages\/686"}],"wp:attachment":[{"href":"https:\/\/www.index.fi\/fi\/wp-json\/wp\/v2\/media?parent=1269"}],"curies":[{"name":"wp","href":"https:\/\/api.w.org\/{rel}","templated":true}]}}