{"id":242,"date":"2023-09-12T09:25:57","date_gmt":"2023-09-12T06:25:57","guid":{"rendered":"http:\/\/20.234.35.20\/?page_id=242"},"modified":"2025-05-02T19:51:42","modified_gmt":"2025-05-02T16:51:42","slug":"ota-yhteytta","status":"publish","type":"page","link":"https:\/\/www.index.fi\/fi\/ota-yhteytta\/","title":{"rendered":"Ota yhteytt\u00e4"},"content":{"rendered":"<p><div class=\"fusion-fullwidth fullwidth-box fusion-builder-row-1 fusion-flex-container no-bottom-margin nonhundred-percent-fullwidth non-hundred-percent-height-scrolling\" style=\"--awb-border-radius-top-left:0px;--awb-border-radius-top-right:0px;--awb-border-radius-bottom-right:0px;--awb-border-radius-bottom-left:0px;--awb-padding-top:90px;--awb-padding-bottom:90px;--awb-padding-top-medium:80px;--awb-padding-bottom-medium:80px;--awb-margin-bottom-medium:80px;--awb-margin-bottom-small:60px;--awb-background-color:var(--awb-custom_color_2);--awb-flex-wrap:wrap;\" ><div class=\"fusion-builder-row fusion-row fusion-flex-align-items-stretch fusion-flex-content-wrap\" style=\"max-width:calc( 1200px + 30px );margin-left: calc(-30px \/ 2 );margin-right: calc(-30px \/ 2 );\"><div class=\"fusion-layout-column fusion_builder_column fusion-builder-column-0 fusion_builder_column_1_2 1_2 fusion-flex-column\" style=\"--awb-padding-right:;--awb-bg-color:var(--awb-custom_color_2);--awb-bg-color-hover:var(--awb-custom_color_2);--awb-bg-size:cover;--awb-width-large:50%;--awb-margin-top-large:0px;--awb-spacing-right-large:10px;--awb-margin-bottom-large:20px;--awb-spacing-left-large:15px;--awb-width-medium:33.333333333333%;--awb-spacing-right-medium:10px;--awb-spacing-left-medium:15px;--awb-width-small:100%;--awb-spacing-right-small:15px;--awb-spacing-left-small:15px;\"><div class=\"fusion-column-wrapper fusion-column-has-shadow fusion-flex-justify-content-flex-start fusion-content-layout-column\"><i class=\"fb-icon-element-1 fb-icon-element fontawesome-icon classic-thumbs-up-regular circle-no\" style=\"--awb-iconcolor:var(--awb-color4);--awb-iconcolor-hover:var(--awb-color4);--awb-font-size:72px;--awb-align-self:center;--awb-margin-top:0px;--awb-margin-right:0px;--awb-margin-bottom:30px;--awb-margin-left:0px;\"><\/i><div class=\"fusion-title title fusion-title-1 fusion-sep-none fusion-title-text fusion-title-size-one\" style=\"--awb-text-color:#ffffff;--awb-margin-bottom:30px;\"><h1 class=\"fusion-title-heading title-heading-left\" style=\"margin:0;\">Ota meihin yhteytt\u00e4<\/h1><\/div><div class=\"fusion-text fusion-text-1 fusion-text-no-margin\" style=\"--awb-content-alignment:center;--awb-text-color:#ffffff;--awb-margin-bottom:30px;\"><p style=\"text-align: left;\">Etsitk\u00f6 tehokkaampaa tapaa hallita sis\u00e4lt\u00f6\u00e4 tai tarvitsetko asiantuntevaa IT-konsultointia? Olemme t\u00e4\u00e4ll\u00e4 auttamassa sinua l\u00f6yt\u00e4m\u00e4\u00e4n parhaat ratkaisut. Ota yhteytt\u00e4 \u2013 vastaamme mielell\u00e4mme kysymyksiisi.<\/p>\n<p style=\"text-align: left;\"><b>Yhteystiedot<br \/>\n<\/b><br \/>\nIndex Information Technologies Oy<br \/>\nCaloniuksenkatu 6 LH 73, 00100 Helsinki<br \/>\netunimi.sukunimi@index.fi | info(at)index.fi<\/p>\n<p style=\"text-align: left;\">Voit ottaa meihin yhteytt\u00e4 suoraan s\u00e4hk\u00f6postitse, puhelimitse tai yhteydenottolomakkeen avulla.<\/p>\n<p style=\"text-align: left;\">Vastaamme yhteydenottoihin arkip\u00e4ivisin 24 tunnin sis\u00e4ll\u00e4.<\/p>\n<\/div><\/div><\/div><div class=\"fusion-layout-column fusion_builder_column fusion-builder-column-1 fusion_builder_column_1_2 1_2 fusion-flex-column fusion-no-small-visibility\" style=\"--awb-padding-right:40px;--awb-padding-left:40px;--awb-bg-color:var(--awb-custom_color_2);--awb-bg-color-hover:var(--awb-custom_color_2);--awb-bg-size:cover;--awb-width-large:50%;--awb-margin-top-large:0px;--awb-spacing-right-large:15px;--awb-margin-bottom-large:20px;--awb-spacing-left-large:15px;--awb-width-medium:33.333333333333%;--awb-spacing-right-medium:15px;--awb-spacing-left-medium:15px;--awb-width-small:100%;--awb-spacing-right-small:15px;--awb-spacing-left-small:15px;\"><div class=\"fusion-column-wrapper fusion-column-has-shadow fusion-flex-justify-content-flex-start fusion-content-layout-column\"><i class=\"fb-icon-element-2 fb-icon-element fontawesome-icon classic-eye-regular circle-no\" style=\"--awb-iconcolor:var(--awb-color4);--awb-iconcolor-hover:var(--awb-color4);--awb-font-size:72px;--awb-align-self:center;--awb-margin-top:0px;--awb-margin-right:0px;--awb-margin-bottom:30px;--awb-margin-left:0px;\"><\/i><div class=\"shortcode-map fusion-google-map fusion-maps-embed-type\" style=\"--awb-margin-top:90px;\"><iframe width=\"100%\" height=\"300px\" frameborder=\"0\" style=\"border:0\" src=\"https:\/\/www.google.com\/maps\/embed\/v1\/place?key=AIzaSyCVxaSoPj_uNqlxeNFui45pfW67rsYXtNE&language=fi&q=Caloniuksenkatu+6,+00100+Helsinki&maptype=roadmap&zoom=14\" allowfullscreen><\/iframe><\/div><div class=\"fusion-text fusion-text-2\"><p style=\"color: #ffffff;\">Vierailut toimistolla onnistuvat erikseen sovittaessa \u2013 otathan meihin yhteytt\u00e4 etuk\u00e4teen.<\/p>\n<\/div><\/div><\/div><\/div><\/div><div class=\"fusion-fullwidth fullwidth-box fusion-builder-row-2 fusion-flex-container has-pattern-background has-mask-background no-bottom-margin nonhundred-percent-fullwidth non-hundred-percent-height-scrolling\" style=\"--awb-border-radius-top-left:0px;--awb-border-radius-top-right:0px;--awb-border-radius-bottom-right:0px;--awb-border-radius-bottom-left:0px;--awb-padding-top:40px;--awb-margin-top:0px;--awb-background-color:var(--awb-custom_color_1);--awb-flex-wrap:wrap;\" ><div class=\"fusion-builder-row fusion-row fusion-flex-align-items-flex-start fusion-flex-content-wrap\" style=\"max-width:1248px;margin-left: calc(-4% \/ 2 );margin-right: calc(-4% \/ 2 );\"><div class=\"fusion-layout-column fusion_builder_column fusion-builder-column-2 fusion_builder_column_1_2 1_2 fusion-flex-column contact-form-container\" style=\"--awb-bg-size:cover;--awb-width-large:50%;--awb-margin-top-large:0px;--awb-spacing-right-large:3.84%;--awb-margin-bottom-large:20px;--awb-spacing-left-large:3.84%;--awb-width-medium:50%;--awb-order-medium:0;--awb-spacing-right-medium:3.84%;--awb-spacing-left-medium:3.84%;--awb-width-small:100%;--awb-order-small:0;--awb-spacing-right-small:1.92%;--awb-spacing-left-small:1.92%;\"><div class=\"fusion-column-wrapper fusion-column-has-shadow fusion-flex-justify-content-flex-start fusion-content-layout-column\"><div class=\"fusion-title title fusion-title-2 fusion-sep-none fusion-title-text fusion-title-size-two\"><h2 class=\"fusion-title-heading title-heading-left\" style=\"margin:0;\">Ota yhteytt\u00e4, niin keskustellaan lis\u00e4\u00e4!<\/h2><\/div>\n<div class=\"wpcf7 no-js\" id=\"wpcf7-f233-o1\" lang=\"fi\" dir=\"ltr\" data-wpcf7-id=\"233\">\n<div class=\"screen-reader-response\"><p role=\"status\" aria-live=\"polite\" aria-atomic=\"true\"><\/p> <ul><\/ul><\/div>\n<form action=\"\/fi\/wp-json\/wp\/v2\/pages\/242#wpcf7-f233-o1\" method=\"post\" class=\"wpcf7-form init\" aria-label=\"Yhteydenottolomake\" novalidate=\"novalidate\" data-status=\"init\">\n<fieldset class=\"hidden-fields-container\"><input type=\"hidden\" name=\"_wpcf7\" value=\"233\" \/><input type=\"hidden\" name=\"_wpcf7_version\" value=\"6.1.5\" \/><input type=\"hidden\" name=\"_wpcf7_locale\" value=\"fi\" \/><input type=\"hidden\" name=\"_wpcf7_unit_tag\" value=\"wpcf7-f233-o1\" \/><input type=\"hidden\" name=\"_wpcf7_container_post\" value=\"0\" \/><input type=\"hidden\" name=\"_wpcf7_posted_data_hash\" value=\"\" \/><input type=\"hidden\" name=\"_wpcf7_recaptcha_response\" value=\"\" \/>\n<\/fieldset>\n<p><label> Nimesi<br \/>\n<span class=\"wpcf7-form-control-wrap\" data-name=\"your-name\"><input size=\"40\" maxlength=\"400\" class=\"wpcf7-form-control wpcf7-text wpcf7-validates-as-required\" autocomplete=\"name\" aria-required=\"true\" aria-invalid=\"false\" value=\"\" type=\"text\" name=\"your-name\" \/><\/span> <\/label>\n<\/p>\n<p><label> S\u00e4hk\u00f6postiosoitteesi<br \/>\n<span class=\"wpcf7-form-control-wrap\" data-name=\"your-email\"><input size=\"40\" maxlength=\"400\" class=\"wpcf7-form-control wpcf7-email wpcf7-validates-as-required wpcf7-text wpcf7-validates-as-email\" autocomplete=\"email\" aria-required=\"true\" aria-invalid=\"false\" value=\"\" type=\"email\" name=\"your-email\" \/><\/span> <\/label>\n<\/p>\n<p><label> Yrityksen nimi<br \/>\n<span class=\"wpcf7-form-control-wrap\" data-name=\"your-subject\"><input size=\"40\" maxlength=\"400\" class=\"wpcf7-form-control wpcf7-text wpcf7-validates-as-required\" aria-required=\"true\" aria-invalid=\"false\" value=\"\" type=\"text\" name=\"your-subject\" \/><\/span> <\/label>\n<\/p>\n<p><label> Viestisi<br \/>\n<span class=\"wpcf7-form-control-wrap\" data-name=\"your-message\"><textarea cols=\"40\" rows=\"10\" maxlength=\"2000\" class=\"wpcf7-form-control wpcf7-textarea\" aria-invalid=\"false\" name=\"your-message\"><\/textarea><\/span> <\/label>\n<\/p>\n<p><input class=\"wpcf7-form-control wpcf7-submit has-spinner\" type=\"submit\" value=\"L\u00e4het\u00e4\" \/>\n<\/p><div class=\"fusion-alert alert custom alert-custom fusion-alert-center wpcf7-response-output awb-alert-native-link-color alert-dismissable awb-alert-close-boxed\" style=\"--awb-border-size:1px;--awb-border-top-left-radius:0px;--awb-border-top-right-radius:0px;--awb-border-bottom-left-radius:0px;--awb-border-bottom-right-radius:0px;\" role=\"alert\"><div class=\"fusion-alert-content-wrapper\"><span class=\"fusion-alert-content\"><\/span><\/div><button type=\"button\" class=\"close toggle-alert\" data-dismiss=\"alert\" aria-label=\"Close\">&times;<\/button><\/div>\n<\/form>\n<\/div>\n<\/div><\/div><div class=\"fusion-layout-column fusion_builder_column fusion-builder-column-3 fusion_builder_column_1_2 1_2 fusion-flex-column fusion-no-small-visibility\" style=\"--awb-bg-size:cover;--awb-width-large:50%;--awb-margin-top-large:0px;--awb-spacing-right-large:3.84%;--awb-margin-bottom-large:20px;--awb-spacing-left-large:3.84%;--awb-width-medium:50%;--awb-order-medium:0;--awb-spacing-right-medium:3.84%;--awb-spacing-left-medium:3.84%;--awb-width-small:100%;--awb-order-small:0;--awb-spacing-right-small:1.92%;--awb-spacing-left-small:1.92%;\"><div class=\"fusion-column-wrapper fusion-column-has-shadow fusion-flex-justify-content-flex-start fusion-content-layout-column\"><div class=\"fusion-image-element \" style=\"text-align:center;--awb-caption-title-font-family:var(--h2_typography-font-family);--awb-caption-title-font-weight:var(--h2_typography-font-weight);--awb-caption-title-font-style:var(--h2_typography-font-style);--awb-caption-title-size:var(--h2_typography-font-size);--awb-caption-title-transform:var(--h2_typography-text-transform);--awb-caption-title-line-height:var(--h2_typography-line-height);--awb-caption-title-letter-spacing:var(--h2_typography-letter-spacing);\"><span class=\" fusion-imageframe imageframe-none imageframe-1 hover-type-none\" style=\"border-radius:50%;\"><img decoding=\"async\" width=\"400\" height=\"400\" title=\"Oliver Kauppila\" src=\"https:\/\/www.index.fi\/wp-content\/uploads\/2023\/09\/Kauppila-e1694502295157-400x400.jpg\" alt class=\"img-responsive wp-image-230\" srcset=\"https:\/\/www.index.fi\/wp-content\/uploads\/2023\/09\/Kauppila-e1694502295157-200x200.jpg 200w, https:\/\/www.index.fi\/wp-content\/uploads\/2023\/09\/Kauppila-e1694502295157-400x400.jpg 400w, https:\/\/www.index.fi\/wp-content\/uploads\/2023\/09\/Kauppila-e1694502295157-600x600.jpg 600w, https:\/\/www.index.fi\/wp-content\/uploads\/2023\/09\/Kauppila-e1694502295157-800x800.jpg 800w, https:\/\/www.index.fi\/wp-content\/uploads\/2023\/09\/Kauppila-e1694502295157-1200x1200.jpg 1200w\" sizes=\"(max-width: 640px) 100vw, 600px\" \/><\/span><\/div><div class=\"fusion-title title fusion-title-3 fusion-sep-none fusion-title-center fusion-title-text fusion-title-size-five\"><h5 class=\"fusion-title-heading title-heading-center\" style=\"margin:0;\">Oliver Kauppila<\/p>\n<p>Toimitusjohtaja<\/p><\/h5><\/div><div class=\"fusion-text fusion-text-3\"><p style=\"text-align: center;\">oliver.kauppila@index.fi<\/p>\n<p style=\"text-align: center;\">+358 45 803 7715<\/p>\n<\/div><\/div><\/div><\/div><\/div><\/p>\n","protected":false},"excerpt":{"rendered":"","protected":false},"author":1,"featured_media":0,"parent":0,"menu_order":0,"comment_status":"closed","ping_status":"closed","template":"100-width.php","meta":{"footnotes":""},"class_list":["post-242","page","type-page","status-publish","hentry"],"yoast_head":"<!-- This site is optimized with the Yoast SEO plugin v27.5 - https:\/\/yoast.com\/product\/yoast-seo-wordpress\/ -->\n<title>Ota yhteytt\u00e4 - Index IT<\/title>\n<meta name=\"description\" content=\"Index IT on erikoistunut DITA- ja XML-pohjaisiin sis\u00e4ll\u00f6nhallintaratkaisuihin. Tarjoamme j\u00e4rjestelm\u00e4t, julkaisut ja integraatiot tekniseen dokumentointiin asiakasl\u00e4ht\u00f6isesti.\" \/>\n<meta name=\"robots\" content=\"index, follow, max-snippet:-1, max-image-preview:large, max-video-preview:-1\" \/>\n<link rel=\"canonical\" href=\"https:\/\/www.index.fi\/fi\/ota-yhteytta\/\" \/>\n<meta property=\"og:locale\" content=\"fi_FI\" \/>\n<meta property=\"og:type\" content=\"article\" \/>\n<meta property=\"og:title\" content=\"Ota yhteytt\u00e4 - Index IT\" \/>\n<meta property=\"og:description\" content=\"Index IT on erikoistunut DITA- ja XML-pohjaisiin sis\u00e4ll\u00f6nhallintaratkaisuihin. Tarjoamme j\u00e4rjestelm\u00e4t, julkaisut ja integraatiot tekniseen dokumentointiin asiakasl\u00e4ht\u00f6isesti.\" \/>\n<meta property=\"og:url\" content=\"https:\/\/www.index.fi\/fi\/ota-yhteytta\/\" \/>\n<meta property=\"og:site_name\" content=\"Index IT\" \/>\n<meta property=\"article:modified_time\" content=\"2025-05-02T16:51:42+00:00\" \/>\n<meta name=\"twitter:card\" content=\"summary_large_image\" \/>\n<meta name=\"twitter:label1\" content=\"Arvioitu lukuaika\" \/>\n\t<meta name=\"twitter:data1\" content=\"1 minuutti\" \/>\n<script type=\"application\/ld+json\" class=\"yoast-schema-graph\">{\"@context\":\"https:\\\/\\\/schema.org\",\"@graph\":[{\"@type\":\"WebPage\",\"@id\":\"https:\\\/\\\/www.index.fi\\\/ota-yhteytta\\\/\",\"url\":\"https:\\\/\\\/www.index.fi\\\/ota-yhteytta\\\/\",\"name\":\"Ota yhteytt\u00e4 - Index IT\",\"isPartOf\":{\"@id\":\"https:\\\/\\\/www.index.fi\\\/#website\"},\"datePublished\":\"2023-09-12T06:25:57+00:00\",\"dateModified\":\"2025-05-02T16:51:42+00:00\",\"description\":\"Index IT on erikoistunut DITA- ja XML-pohjaisiin sis\u00e4ll\u00f6nhallintaratkaisuihin. Tarjoamme j\u00e4rjestelm\u00e4t, julkaisut ja integraatiot tekniseen dokumentointiin asiakasl\u00e4ht\u00f6isesti.\",\"breadcrumb\":{\"@id\":\"https:\\\/\\\/www.index.fi\\\/ota-yhteytta\\\/#breadcrumb\"},\"inLanguage\":\"fi\",\"potentialAction\":[{\"@type\":\"ReadAction\",\"target\":[\"https:\\\/\\\/www.index.fi\\\/ota-yhteytta\\\/\"]}]},{\"@type\":\"BreadcrumbList\",\"@id\":\"https:\\\/\\\/www.index.fi\\\/ota-yhteytta\\\/#breadcrumb\",\"itemListElement\":[{\"@type\":\"ListItem\",\"position\":1,\"name\":\"Etusivu\",\"item\":\"https:\\\/\\\/www.index.fi\\\/fi\\\/\"},{\"@type\":\"ListItem\",\"position\":2,\"name\":\"Ota yhteytt\u00e4\"}]},{\"@type\":\"WebSite\",\"@id\":\"https:\\\/\\\/www.index.fi\\\/#website\",\"url\":\"https:\\\/\\\/www.index.fi\\\/\",\"name\":\"Index IT\",\"description\":\"Index IT\",\"publisher\":{\"@id\":\"https:\\\/\\\/www.index.fi\\\/#organization\"},\"potentialAction\":[{\"@type\":\"SearchAction\",\"target\":{\"@type\":\"EntryPoint\",\"urlTemplate\":\"https:\\\/\\\/www.index.fi\\\/?s={search_term_string}\"},\"query-input\":{\"@type\":\"PropertyValueSpecification\",\"valueRequired\":true,\"valueName\":\"search_term_string\"}}],\"inLanguage\":\"fi\"},{\"@type\":\"Organization\",\"@id\":\"https:\\\/\\\/www.index.fi\\\/#organization\",\"name\":\"Index IT\",\"url\":\"https:\\\/\\\/www.index.fi\\\/\",\"logo\":{\"@type\":\"ImageObject\",\"inLanguage\":\"fi\",\"@id\":\"https:\\\/\\\/www.index.fi\\\/#\\\/schema\\\/logo\\\/image\\\/\",\"url\":\"https:\\\/\\\/www.index.fi\\\/wp-content\\\/uploads\\\/2023\\\/09\\\/Logo_digi.png\",\"contentUrl\":\"https:\\\/\\\/www.index.fi\\\/wp-content\\\/uploads\\\/2023\\\/09\\\/Logo_digi.png\",\"width\":2165,\"height\":570,\"caption\":\"Index IT\"},\"image\":{\"@id\":\"https:\\\/\\\/www.index.fi\\\/#\\\/schema\\\/logo\\\/image\\\/\"},\"sameAs\":[\"https:\\\/\\\/www.linkedin.com\\\/company\\\/index-information-technologies-oy\\\/\"]}]}<\/script>\n<!-- \/ Yoast SEO plugin. -->","yoast_head_json":{"title":"Ota yhteytt\u00e4 - Index IT","description":"Index IT on erikoistunut DITA- ja XML-pohjaisiin sis\u00e4ll\u00f6nhallintaratkaisuihin. Tarjoamme j\u00e4rjestelm\u00e4t, julkaisut ja integraatiot tekniseen dokumentointiin asiakasl\u00e4ht\u00f6isesti.","robots":{"index":"index","follow":"follow","max-snippet":"max-snippet:-1","max-image-preview":"max-image-preview:large","max-video-preview":"max-video-preview:-1"},"canonical":"https:\/\/www.index.fi\/fi\/ota-yhteytta\/","og_locale":"fi_FI","og_type":"article","og_title":"Ota yhteytt\u00e4 - Index IT","og_description":"Index IT on erikoistunut DITA- ja XML-pohjaisiin sis\u00e4ll\u00f6nhallintaratkaisuihin. Tarjoamme j\u00e4rjestelm\u00e4t, julkaisut ja integraatiot tekniseen dokumentointiin asiakasl\u00e4ht\u00f6isesti.","og_url":"https:\/\/www.index.fi\/fi\/ota-yhteytta\/","og_site_name":"Index IT","article_modified_time":"2025-05-02T16:51:42+00:00","twitter_card":"summary_large_image","twitter_misc":{"Arvioitu lukuaika":"1 minuutti"},"schema":{"@context":"https:\/\/schema.org","@graph":[{"@type":"WebPage","@id":"https:\/\/www.index.fi\/ota-yhteytta\/","url":"https:\/\/www.index.fi\/ota-yhteytta\/","name":"Ota yhteytt\u00e4 - Index IT","isPartOf":{"@id":"https:\/\/www.index.fi\/#website"},"datePublished":"2023-09-12T06:25:57+00:00","dateModified":"2025-05-02T16:51:42+00:00","description":"Index IT on erikoistunut DITA- ja XML-pohjaisiin sis\u00e4ll\u00f6nhallintaratkaisuihin. Tarjoamme j\u00e4rjestelm\u00e4t, julkaisut ja integraatiot tekniseen dokumentointiin asiakasl\u00e4ht\u00f6isesti.","breadcrumb":{"@id":"https:\/\/www.index.fi\/ota-yhteytta\/#breadcrumb"},"inLanguage":"fi","potentialAction":[{"@type":"ReadAction","target":["https:\/\/www.index.fi\/ota-yhteytta\/"]}]},{"@type":"BreadcrumbList","@id":"https:\/\/www.index.fi\/ota-yhteytta\/#breadcrumb","itemListElement":[{"@type":"ListItem","position":1,"name":"Etusivu","item":"https:\/\/www.index.fi\/fi\/"},{"@type":"ListItem","position":2,"name":"Ota yhteytt\u00e4"}]},{"@type":"WebSite","@id":"https:\/\/www.index.fi\/#website","url":"https:\/\/www.index.fi\/","name":"Index IT","description":"Index IT","publisher":{"@id":"https:\/\/www.index.fi\/#organization"},"potentialAction":[{"@type":"SearchAction","target":{"@type":"EntryPoint","urlTemplate":"https:\/\/www.index.fi\/?s={search_term_string}"},"query-input":{"@type":"PropertyValueSpecification","valueRequired":true,"valueName":"search_term_string"}}],"inLanguage":"fi"},{"@type":"Organization","@id":"https:\/\/www.index.fi\/#organization","name":"Index IT","url":"https:\/\/www.index.fi\/","logo":{"@type":"ImageObject","inLanguage":"fi","@id":"https:\/\/www.index.fi\/#\/schema\/logo\/image\/","url":"https:\/\/www.index.fi\/wp-content\/uploads\/2023\/09\/Logo_digi.png","contentUrl":"https:\/\/www.index.fi\/wp-content\/uploads\/2023\/09\/Logo_digi.png","width":2165,"height":570,"caption":"Index IT"},"image":{"@id":"https:\/\/www.index.fi\/#\/schema\/logo\/image\/"},"sameAs":["https:\/\/www.linkedin.com\/company\/index-information-technologies-oy\/"]}]}},"_links":{"self":[{"href":"https:\/\/www.index.fi\/fi\/wp-json\/wp\/v2\/pages\/242","targetHints":{"allow":["GET"]}}],"collection":[{"href":"https:\/\/www.index.fi\/fi\/wp-json\/wp\/v2\/pages"}],"about":[{"href":"https:\/\/www.index.fi\/fi\/wp-json\/wp\/v2\/types\/page"}],"author":[{"embeddable":true,"href":"https:\/\/www.index.fi\/fi\/wp-json\/wp\/v2\/users\/1"}],"replies":[{"embeddable":true,"href":"https:\/\/www.index.fi\/fi\/wp-json\/wp\/v2\/comments?post=242"}],"version-history":[{"count":36,"href":"https:\/\/www.index.fi\/fi\/wp-json\/wp\/v2\/pages\/242\/revisions"}],"predecessor-version":[{"id":956,"href":"https:\/\/www.index.fi\/fi\/wp-json\/wp\/v2\/pages\/242\/revisions\/956"}],"wp:attachment":[{"href":"https:\/\/www.index.fi\/fi\/wp-json\/wp\/v2\/media?parent=242"}],"curies":[{"name":"wp","href":"https:\/\/api.w.org\/{rel}","templated":true}]}}