{"id":985,"date":"2025-05-14T16:00:25","date_gmt":"2025-05-14T13:00:25","guid":{"rendered":"https:\/\/www.index.fi\/?page_id=985"},"modified":"2025-09-05T10:37:00","modified_gmt":"2025-09-05T07:37:00","slug":"tietosuojaseloste","status":"publish","type":"page","link":"https:\/\/www.index.fi\/fi\/tietosuojaseloste\/","title":{"rendered":"Tietosuojaseloste"},"content":{"rendered":"<div class=\"fusion-fullwidth fullwidth-box fusion-builder-row-1 fusion-flex-container no-bottom-margin nonhundred-percent-fullwidth non-hundred-percent-height-scrolling\" style=\"--awb-border-radius-top-left:0px;--awb-border-radius-top-right:0px;--awb-border-radius-bottom-right:0px;--awb-border-radius-bottom-left:0px;--awb-padding-top-medium:80px;--awb-padding-bottom-medium:80px;--awb-margin-bottom-medium:80px;--awb-margin-bottom-small:60px;--awb-background-color:var(--awb-custom_color_2);--awb-flex-wrap:wrap;\" ><div class=\"fusion-builder-row fusion-row fusion-flex-align-items-stretch fusion-flex-content-wrap\" style=\"max-width:calc( 1200px + 30px );margin-left: calc(-30px \/ 2 );margin-right: calc(-30px \/ 2 );\"><div class=\"fusion-layout-column fusion_builder_column fusion-builder-column-0 fusion_builder_column_1_1 1_1 fusion-flex-column\" style=\"--awb-padding-top:90px;--awb-padding-right:40px;--awb-padding-bottom:80px;--awb-padding-left:40px;--awb-bg-color:var(--awb-custom_color_2);--awb-bg-color-hover:var(--awb-custom_color_2);--awb-bg-size:cover;--awb-width-large:100%;--awb-margin-top-large:0px;--awb-spacing-right-large:10px;--awb-margin-bottom-large:0px;--awb-spacing-left-large:15px;--awb-width-medium:33.333333333333%;--awb-spacing-right-medium:10px;--awb-spacing-left-medium:15px;--awb-width-small:100%;--awb-spacing-right-small:15px;--awb-margin-bottom-small:30px;--awb-spacing-left-small:15px;\"><div class=\"fusion-column-wrapper fusion-column-has-shadow fusion-flex-justify-content-flex-start fusion-content-layout-column\"><i class=\"fb-icon-element-1 fb-icon-element fontawesome-icon classic-thumbs-up-regular circle-no\" style=\"--awb-iconcolor:var(--awb-color4);--awb-iconcolor-hover:var(--awb-color4);--awb-font-size:72px;--awb-align-self:center;--awb-margin-top:0px;--awb-margin-right:0px;--awb-margin-bottom:30px;--awb-margin-left:0px;\"><\/i><div class=\"fusion-title title fusion-title-1 fusion-sep-none fusion-title-text fusion-title-size-one\" style=\"--awb-text-color:#ffffff;--awb-margin-bottom:30px;\"><h1 class=\"fusion-title-heading title-heading-left\" style=\"margin:0;\">Tietosuojaseloste<\/h1><\/div><div class=\"fusion-text fusion-text-1 fusion-text-no-margin\" style=\"--awb-content-alignment:left;--awb-text-color:#ffffff;--awb-margin-bottom:10%;\"><p>P\u00e4ivitetty: 14.5.2025<br \/>\nRekisterinpit\u00e4j\u00e4:<br \/>\nIndex Information Technologies Oy<br \/>\nCaloniuksenkatu 6 LH 73, 00100 Helsinki<br \/>\ninfo@index.fi<\/p>\n<p>1. Henkil\u00f6tietojen k\u00e4sittelyn tarkoitus<br \/>\nKer\u00e4\u00e4mme henkil\u00f6tietoja asiakasyhteydenottojen ja -viestinn\u00e4n mahdollistamiseksi sek\u00e4 palvelupyynt\u00f6jen k\u00e4sittelyyn.<\/p>\n<p>2. Ker\u00e4tt\u00e4v\u00e4t tiedot<br \/>\nYhteydenottolomakkeen kautta voidaan ker\u00e4t\u00e4 seuraavia tietoja:<\/p>\n<p>S\u00e4hk\u00f6postiosoite<br \/>\nYrityksen nimi<br \/>\nVapaa viesti<\/p>\n<p>Sivusto voi my\u00f6s k\u00e4ytt\u00e4\u00e4 ev\u00e4steit\u00e4 ja analytiikkaa, jotka ker\u00e4\u00e4v\u00e4t tietoa sivuston k\u00e4yt\u00f6st\u00e4 (IP-osoite, selaintyyppi, sivulataukset).<\/p>\n<p>3. Tietojen s\u00e4ilytysaika<br \/>\nHenkil\u00f6tietoja s\u00e4ilytet\u00e4\u00e4n vain niin kauan kuin on tarpeen yhteydenottoon vastaamiseksi tai asiakassuhteen hoitamiseksi.<\/p>\n<p>4. Tietojen siirt\u00e4minen tai luovuttaminen<br \/>\nTietoja ei luovuteta kolmansille osapuolille ilman suostumusta, ellei lains\u00e4\u00e4d\u00e4nt\u00f6 velvoita siihen.<\/p>\n<p>5. Rekister\u00f6idyn oikeudet<br \/>\nSinulla on oikeus:<br \/>\ntarkistaa itse\u00e4si koskevat tiedot<br \/>\npyyt\u00e4\u00e4 tietojen oikaisua tai poistamista<br \/>\nrajoittaa tietojen k\u00e4sittely\u00e4<br \/>\ntehd\u00e4 valitus tietosuojaviranomaiselle<\/p>\n<p>Oikeuksien k\u00e4ytt\u00e4miseksi ota yhteytt\u00e4: info@index.fi<\/p>\n<\/div><\/div><\/div><\/div><\/div>\n","protected":false},"excerpt":{"rendered":"","protected":false},"author":1,"featured_media":0,"parent":0,"menu_order":0,"comment_status":"closed","ping_status":"closed","template":"100-width.php","meta":{"footnotes":""},"class_list":["post-985","page","type-page","status-publish","hentry"],"yoast_head":"<!-- This site is optimized with the Yoast SEO plugin v27.4 - https:\/\/yoast.com\/product\/yoast-seo-wordpress\/ -->\n<title>Tietosuojaseloste - Index IT<\/title>\n<meta name=\"description\" content=\"Kuvaa, miten Index Information Technologies Oy ker\u00e4\u00e4 ja s\u00e4ilytt\u00e4\u00e4 henkil\u00f6tietoja (esim. s\u00e4hk\u00f6posti, yritys, viesti), sek\u00e4 ev\u00e4steiden k\u00e4yt\u00f6n.\" \/>\n<meta name=\"robots\" content=\"index, follow, max-snippet:-1, max-image-preview:large, max-video-preview:-1\" \/>\n<link rel=\"canonical\" href=\"https:\/\/www.index.fi\/fi\/tietosuojaseloste\/\" \/>\n<meta property=\"og:locale\" content=\"fi_FI\" \/>\n<meta property=\"og:type\" content=\"article\" \/>\n<meta property=\"og:title\" content=\"Tietosuojaseloste - Index IT\" \/>\n<meta property=\"og:description\" content=\"Kuvaa, miten Index Information Technologies Oy ker\u00e4\u00e4 ja s\u00e4ilytt\u00e4\u00e4 henkil\u00f6tietoja (esim. s\u00e4hk\u00f6posti, yritys, viesti), sek\u00e4 ev\u00e4steiden k\u00e4yt\u00f6n.\" \/>\n<meta property=\"og:url\" content=\"https:\/\/www.index.fi\/fi\/tietosuojaseloste\/\" \/>\n<meta property=\"og:site_name\" content=\"Index IT\" \/>\n<meta property=\"article:modified_time\" content=\"2025-09-05T07:37:00+00:00\" \/>\n<meta name=\"twitter:card\" content=\"summary_large_image\" \/>\n<meta name=\"twitter:label1\" content=\"Arvioitu lukuaika\" \/>\n\t<meta name=\"twitter:data1\" content=\"1 minuutti\" \/>\n<script type=\"application\/ld+json\" class=\"yoast-schema-graph\">{\"@context\":\"https:\\\/\\\/schema.org\",\"@graph\":[{\"@type\":\"WebPage\",\"@id\":\"https:\\\/\\\/www.index.fi\\\/tietosuojaseloste\\\/\",\"url\":\"https:\\\/\\\/www.index.fi\\\/tietosuojaseloste\\\/\",\"name\":\"Tietosuojaseloste - Index IT\",\"isPartOf\":{\"@id\":\"https:\\\/\\\/www.index.fi\\\/#website\"},\"datePublished\":\"2025-05-14T13:00:25+00:00\",\"dateModified\":\"2025-09-05T07:37:00+00:00\",\"description\":\"Kuvaa, miten Index Information Technologies Oy ker\u00e4\u00e4 ja s\u00e4ilytt\u00e4\u00e4 henkil\u00f6tietoja (esim. s\u00e4hk\u00f6posti, yritys, viesti), sek\u00e4 ev\u00e4steiden k\u00e4yt\u00f6n.\",\"breadcrumb\":{\"@id\":\"https:\\\/\\\/www.index.fi\\\/tietosuojaseloste\\\/#breadcrumb\"},\"inLanguage\":\"fi\",\"potentialAction\":[{\"@type\":\"ReadAction\",\"target\":[\"https:\\\/\\\/www.index.fi\\\/tietosuojaseloste\\\/\"]}]},{\"@type\":\"BreadcrumbList\",\"@id\":\"https:\\\/\\\/www.index.fi\\\/tietosuojaseloste\\\/#breadcrumb\",\"itemListElement\":[{\"@type\":\"ListItem\",\"position\":1,\"name\":\"Etusivu\",\"item\":\"https:\\\/\\\/www.index.fi\\\/fi\\\/\"},{\"@type\":\"ListItem\",\"position\":2,\"name\":\"Tietosuojaseloste\"}]},{\"@type\":\"WebSite\",\"@id\":\"https:\\\/\\\/www.index.fi\\\/#website\",\"url\":\"https:\\\/\\\/www.index.fi\\\/\",\"name\":\"Index IT\",\"description\":\"Index IT\",\"publisher\":{\"@id\":\"https:\\\/\\\/www.index.fi\\\/#organization\"},\"potentialAction\":[{\"@type\":\"SearchAction\",\"target\":{\"@type\":\"EntryPoint\",\"urlTemplate\":\"https:\\\/\\\/www.index.fi\\\/?s={search_term_string}\"},\"query-input\":{\"@type\":\"PropertyValueSpecification\",\"valueRequired\":true,\"valueName\":\"search_term_string\"}}],\"inLanguage\":\"fi\"},{\"@type\":\"Organization\",\"@id\":\"https:\\\/\\\/www.index.fi\\\/#organization\",\"name\":\"Index IT\",\"url\":\"https:\\\/\\\/www.index.fi\\\/\",\"logo\":{\"@type\":\"ImageObject\",\"inLanguage\":\"fi\",\"@id\":\"https:\\\/\\\/www.index.fi\\\/#\\\/schema\\\/logo\\\/image\\\/\",\"url\":\"https:\\\/\\\/www.index.fi\\\/wp-content\\\/uploads\\\/2023\\\/09\\\/Logo_digi.png\",\"contentUrl\":\"https:\\\/\\\/www.index.fi\\\/wp-content\\\/uploads\\\/2023\\\/09\\\/Logo_digi.png\",\"width\":2165,\"height\":570,\"caption\":\"Index IT\"},\"image\":{\"@id\":\"https:\\\/\\\/www.index.fi\\\/#\\\/schema\\\/logo\\\/image\\\/\"},\"sameAs\":[\"https:\\\/\\\/www.linkedin.com\\\/company\\\/index-information-technologies-oy\\\/\"]}]}<\/script>\n<!-- \/ Yoast SEO plugin. -->","yoast_head_json":{"title":"Tietosuojaseloste - Index IT","description":"Kuvaa, miten Index Information Technologies Oy ker\u00e4\u00e4 ja s\u00e4ilytt\u00e4\u00e4 henkil\u00f6tietoja (esim. s\u00e4hk\u00f6posti, yritys, viesti), sek\u00e4 ev\u00e4steiden k\u00e4yt\u00f6n.","robots":{"index":"index","follow":"follow","max-snippet":"max-snippet:-1","max-image-preview":"max-image-preview:large","max-video-preview":"max-video-preview:-1"},"canonical":"https:\/\/www.index.fi\/fi\/tietosuojaseloste\/","og_locale":"fi_FI","og_type":"article","og_title":"Tietosuojaseloste - Index IT","og_description":"Kuvaa, miten Index Information Technologies Oy ker\u00e4\u00e4 ja s\u00e4ilytt\u00e4\u00e4 henkil\u00f6tietoja (esim. s\u00e4hk\u00f6posti, yritys, viesti), sek\u00e4 ev\u00e4steiden k\u00e4yt\u00f6n.","og_url":"https:\/\/www.index.fi\/fi\/tietosuojaseloste\/","og_site_name":"Index IT","article_modified_time":"2025-09-05T07:37:00+00:00","twitter_card":"summary_large_image","twitter_misc":{"Arvioitu lukuaika":"1 minuutti"},"schema":{"@context":"https:\/\/schema.org","@graph":[{"@type":"WebPage","@id":"https:\/\/www.index.fi\/tietosuojaseloste\/","url":"https:\/\/www.index.fi\/tietosuojaseloste\/","name":"Tietosuojaseloste - Index IT","isPartOf":{"@id":"https:\/\/www.index.fi\/#website"},"datePublished":"2025-05-14T13:00:25+00:00","dateModified":"2025-09-05T07:37:00+00:00","description":"Kuvaa, miten Index Information Technologies Oy ker\u00e4\u00e4 ja s\u00e4ilytt\u00e4\u00e4 henkil\u00f6tietoja (esim. s\u00e4hk\u00f6posti, yritys, viesti), sek\u00e4 ev\u00e4steiden k\u00e4yt\u00f6n.","breadcrumb":{"@id":"https:\/\/www.index.fi\/tietosuojaseloste\/#breadcrumb"},"inLanguage":"fi","potentialAction":[{"@type":"ReadAction","target":["https:\/\/www.index.fi\/tietosuojaseloste\/"]}]},{"@type":"BreadcrumbList","@id":"https:\/\/www.index.fi\/tietosuojaseloste\/#breadcrumb","itemListElement":[{"@type":"ListItem","position":1,"name":"Etusivu","item":"https:\/\/www.index.fi\/fi\/"},{"@type":"ListItem","position":2,"name":"Tietosuojaseloste"}]},{"@type":"WebSite","@id":"https:\/\/www.index.fi\/#website","url":"https:\/\/www.index.fi\/","name":"Index IT","description":"Index IT","publisher":{"@id":"https:\/\/www.index.fi\/#organization"},"potentialAction":[{"@type":"SearchAction","target":{"@type":"EntryPoint","urlTemplate":"https:\/\/www.index.fi\/?s={search_term_string}"},"query-input":{"@type":"PropertyValueSpecification","valueRequired":true,"valueName":"search_term_string"}}],"inLanguage":"fi"},{"@type":"Organization","@id":"https:\/\/www.index.fi\/#organization","name":"Index IT","url":"https:\/\/www.index.fi\/","logo":{"@type":"ImageObject","inLanguage":"fi","@id":"https:\/\/www.index.fi\/#\/schema\/logo\/image\/","url":"https:\/\/www.index.fi\/wp-content\/uploads\/2023\/09\/Logo_digi.png","contentUrl":"https:\/\/www.index.fi\/wp-content\/uploads\/2023\/09\/Logo_digi.png","width":2165,"height":570,"caption":"Index IT"},"image":{"@id":"https:\/\/www.index.fi\/#\/schema\/logo\/image\/"},"sameAs":["https:\/\/www.linkedin.com\/company\/index-information-technologies-oy\/"]}]}},"_links":{"self":[{"href":"https:\/\/www.index.fi\/fi\/wp-json\/wp\/v2\/pages\/985","targetHints":{"allow":["GET"]}}],"collection":[{"href":"https:\/\/www.index.fi\/fi\/wp-json\/wp\/v2\/pages"}],"about":[{"href":"https:\/\/www.index.fi\/fi\/wp-json\/wp\/v2\/types\/page"}],"author":[{"embeddable":true,"href":"https:\/\/www.index.fi\/fi\/wp-json\/wp\/v2\/users\/1"}],"replies":[{"embeddable":true,"href":"https:\/\/www.index.fi\/fi\/wp-json\/wp\/v2\/comments?post=985"}],"version-history":[{"count":11,"href":"https:\/\/www.index.fi\/fi\/wp-json\/wp\/v2\/pages\/985\/revisions"}],"predecessor-version":[{"id":1233,"href":"https:\/\/www.index.fi\/fi\/wp-json\/wp\/v2\/pages\/985\/revisions\/1233"}],"wp:attachment":[{"href":"https:\/\/www.index.fi\/fi\/wp-json\/wp\/v2\/media?parent=985"}],"curies":[{"name":"wp","href":"https:\/\/api.w.org\/{rel}","templated":true}]}}